{"id":19,"date":"2017-03-04T17:36:47","date_gmt":"2017-03-04T17:36:47","guid":{"rendered":"https:\/\/clinicadecancerologians.com\/?page_id=19"},"modified":"2025-09-03T13:48:24","modified_gmt":"2025-09-03T13:48:24","slug":"mision","status":"publish","type":"page","link":"https:\/\/clinicadecancerologians.com\/index.php\/nosotros\/mision\/","title":{"rendered":"Mision"},"content":{"rendered":"<p><strong>MISION:<\/strong>La Cl\u00ednica de cancerolog\u00eda del Norte de Santander S.A.S., es una instituci\u00f3n de naturaleza privada, que presta servicios de salud de alta complejidad en Oncolog\u00eda centrados en la atenci\u00f3n segura del paciente con calidad y trato humanizado a la poblaci\u00f3n del departamento con Talento humano id\u00f3neo y comprometido<\/p>\n\n\n<p><\/p>\n","protected":false},"excerpt":{"rendered":"<p>MISION:La Cl\u00ednica de cancerolog\u00eda del Norte de Santander S.A.S., es una instituci\u00f3n de naturaleza privada, que presta servicios de salud de alta complejidad en Oncolog\u00eda centrados en la atenci\u00f3n segura del paciente con calidad y trato humanizado a la poblaci\u00f3n del departamento con Talento humano id\u00f3neo y comprometido<\/p>\n","protected":false},"author":1,"featured_media":211,"parent":15,"menu_order":0,"comment_status":"closed","ping_status":"closed","template":"","meta":{"footnotes":""},"class_list":["post-19","page","type-page","status-publish","has-post-thumbnail","hentry"],"yoast_head":"<!-- This site is optimized with the Yoast SEO plugin v27.4 - https:\/\/yoast.com\/product\/yoast-seo-wordpress\/ -->\n<title>Mision - Clinica de Cancerologia del Norte de Santander<\/title>\n<meta name=\"robots\" content=\"index, follow, max-snippet:-1, max-image-preview:large, max-video-preview:-1\" \/>\n<link rel=\"canonical\" href=\"https:\/\/clinicadecancerologians.com\/index.php\/nosotros\/mision\/\" \/>\n<meta property=\"og:locale\" content=\"es_ES\" \/>\n<meta property=\"og:type\" content=\"article\" \/>\n<meta property=\"og:title\" content=\"Mision - Clinica de Cancerologia del Norte de Santander\" \/>\n<meta property=\"og:description\" content=\"MISION:La Cl\u00ednica de cancerolog\u00eda del Norte de Santander S.A.S., es una instituci\u00f3n de naturaleza privada, que presta servicios de salud de alta complejidad en Oncolog\u00eda centrados en la atenci\u00f3n segura del paciente con calidad y trato humanizado a la poblaci\u00f3n del departamento con Talento humano id\u00f3neo y comprometido\" \/>\n<meta property=\"og:url\" content=\"https:\/\/clinicadecancerologians.com\/index.php\/nosotros\/mision\/\" \/>\n<meta property=\"og:site_name\" content=\"Clinica de Cancerologia del Norte de Santander\" \/>\n<meta property=\"article:publisher\" content=\"https:\/\/www.facebook.com\/profile.php?id=100068487632832\" \/>\n<meta property=\"article:modified_time\" content=\"2025-09-03T13:48:24+00:00\" \/>\n<meta property=\"og:image\" content=\"https:\/\/clinicadecancerologians.com\/wp-content\/uploads\/2019\/04\/piniciio.jpg\" \/>\n\t<meta property=\"og:image:width\" content=\"600\" \/>\n\t<meta property=\"og:image:height\" content=\"477\" \/>\n\t<meta property=\"og:image:type\" content=\"image\/jpeg\" \/>\n<meta name=\"twitter:card\" content=\"summary_large_image\" \/>\n<meta name=\"twitter:label1\" content=\"Tiempo de lectura\" \/>\n\t<meta name=\"twitter:data1\" content=\"1 minuto\" \/>\n<script type=\"application\/ld+json\" class=\"yoast-schema-graph\">{\"@context\":\"https:\\\/\\\/schema.org\",\"@graph\":[{\"@type\":\"WebPage\",\"@id\":\"https:\\\/\\\/clinicadecancerologians.com\\\/index.php\\\/nosotros\\\/mision\\\/\",\"url\":\"https:\\\/\\\/clinicadecancerologians.com\\\/index.php\\\/nosotros\\\/mision\\\/\",\"name\":\"Mision - Clinica de Cancerologia del Norte de Santander\",\"isPartOf\":{\"@id\":\"https:\\\/\\\/clinicadecancerologians.com\\\/#website\"},\"primaryImageOfPage\":{\"@id\":\"https:\\\/\\\/clinicadecancerologians.com\\\/index.php\\\/nosotros\\\/mision\\\/#primaryimage\"},\"image\":{\"@id\":\"https:\\\/\\\/clinicadecancerologians.com\\\/index.php\\\/nosotros\\\/mision\\\/#primaryimage\"},\"thumbnailUrl\":\"https:\\\/\\\/clinicadecancerologians.com\\\/wp-content\\\/uploads\\\/2019\\\/04\\\/piniciio.jpg\",\"datePublished\":\"2017-03-04T17:36:47+00:00\",\"dateModified\":\"2025-09-03T13:48:24+00:00\",\"breadcrumb\":{\"@id\":\"https:\\\/\\\/clinicadecancerologians.com\\\/index.php\\\/nosotros\\\/mision\\\/#breadcrumb\"},\"inLanguage\":\"es\",\"potentialAction\":[{\"@type\":\"ReadAction\",\"target\":[\"https:\\\/\\\/clinicadecancerologians.com\\\/index.php\\\/nosotros\\\/mision\\\/\"]}]},{\"@type\":\"ImageObject\",\"inLanguage\":\"es\",\"@id\":\"https:\\\/\\\/clinicadecancerologians.com\\\/index.php\\\/nosotros\\\/mision\\\/#primaryimage\",\"url\":\"https:\\\/\\\/clinicadecancerologians.com\\\/wp-content\\\/uploads\\\/2019\\\/04\\\/piniciio.jpg\",\"contentUrl\":\"https:\\\/\\\/clinicadecancerologians.com\\\/wp-content\\\/uploads\\\/2019\\\/04\\\/piniciio.jpg\",\"width\":600,\"height\":477},{\"@type\":\"BreadcrumbList\",\"@id\":\"https:\\\/\\\/clinicadecancerologians.com\\\/index.php\\\/nosotros\\\/mision\\\/#breadcrumb\",\"itemListElement\":[{\"@type\":\"ListItem\",\"position\":1,\"name\":\"Portada\",\"item\":\"https:\\\/\\\/clinicadecancerologians.com\\\/\"},{\"@type\":\"ListItem\",\"position\":2,\"name\":\"Nosotros\",\"item\":\"https:\\\/\\\/clinicadecancerologians.com\\\/index.php\\\/nosotros\\\/\"},{\"@type\":\"ListItem\",\"position\":3,\"name\":\"Mision\"}]},{\"@type\":\"WebSite\",\"@id\":\"https:\\\/\\\/clinicadecancerologians.com\\\/#website\",\"url\":\"https:\\\/\\\/clinicadecancerologians.com\\\/\",\"name\":\"Clinica de Cancerologia del Norte de Santander\",\"description\":\"En Busca De una Mejor Calidad de Vida\",\"publisher\":{\"@id\":\"https:\\\/\\\/clinicadecancerologians.com\\\/#organization\"},\"potentialAction\":[{\"@type\":\"SearchAction\",\"target\":{\"@type\":\"EntryPoint\",\"urlTemplate\":\"https:\\\/\\\/clinicadecancerologians.com\\\/?s={search_term_string}\"},\"query-input\":{\"@type\":\"PropertyValueSpecification\",\"valueRequired\":true,\"valueName\":\"search_term_string\"}}],\"inLanguage\":\"es\"},{\"@type\":\"Organization\",\"@id\":\"https:\\\/\\\/clinicadecancerologians.com\\\/#organization\",\"name\":\"Clinica de Cancerologia del Norte de Santander\",\"url\":\"https:\\\/\\\/clinicadecancerologians.com\\\/\",\"logo\":{\"@type\":\"ImageObject\",\"inLanguage\":\"es\",\"@id\":\"https:\\\/\\\/clinicadecancerologians.com\\\/#\\\/schema\\\/logo\\\/image\\\/\",\"url\":\"https:\\\/\\\/clinicadecancerologians.com\\\/wp-content\\\/uploads\\\/2019\\\/04\\\/CANCEROLOGIA2.png\",\"contentUrl\":\"https:\\\/\\\/clinicadecancerologians.com\\\/wp-content\\\/uploads\\\/2019\\\/04\\\/CANCEROLOGIA2.png\",\"width\":394,\"height\":215,\"caption\":\"Clinica de Cancerologia del Norte de Santander\"},\"image\":{\"@id\":\"https:\\\/\\\/clinicadecancerologians.com\\\/#\\\/schema\\\/logo\\\/image\\\/\"},\"sameAs\":[\"https:\\\/\\\/www.facebook.com\\\/profile.php?id=100068487632832\"]}]}<\/script>\n<!-- \/ Yoast SEO plugin. -->","yoast_head_json":{"title":"Mision - Clinica de Cancerologia del Norte de Santander","robots":{"index":"index","follow":"follow","max-snippet":"max-snippet:-1","max-image-preview":"max-image-preview:large","max-video-preview":"max-video-preview:-1"},"canonical":"https:\/\/clinicadecancerologians.com\/index.php\/nosotros\/mision\/","og_locale":"es_ES","og_type":"article","og_title":"Mision - Clinica de Cancerologia del Norte de Santander","og_description":"MISION:La Cl\u00ednica de cancerolog\u00eda del Norte de Santander S.A.S., es una instituci\u00f3n de naturaleza privada, que presta servicios de salud de alta complejidad en Oncolog\u00eda centrados en la atenci\u00f3n segura del paciente con calidad y trato humanizado a la poblaci\u00f3n del departamento con Talento humano id\u00f3neo y comprometido","og_url":"https:\/\/clinicadecancerologians.com\/index.php\/nosotros\/mision\/","og_site_name":"Clinica de Cancerologia del Norte de Santander","article_publisher":"https:\/\/www.facebook.com\/profile.php?id=100068487632832","article_modified_time":"2025-09-03T13:48:24+00:00","og_image":[{"width":600,"height":477,"url":"https:\/\/clinicadecancerologians.com\/wp-content\/uploads\/2019\/04\/piniciio.jpg","type":"image\/jpeg"}],"twitter_card":"summary_large_image","twitter_misc":{"Tiempo de lectura":"1 minuto"},"schema":{"@context":"https:\/\/schema.org","@graph":[{"@type":"WebPage","@id":"https:\/\/clinicadecancerologians.com\/index.php\/nosotros\/mision\/","url":"https:\/\/clinicadecancerologians.com\/index.php\/nosotros\/mision\/","name":"Mision - Clinica de Cancerologia del Norte de Santander","isPartOf":{"@id":"https:\/\/clinicadecancerologians.com\/#website"},"primaryImageOfPage":{"@id":"https:\/\/clinicadecancerologians.com\/index.php\/nosotros\/mision\/#primaryimage"},"image":{"@id":"https:\/\/clinicadecancerologians.com\/index.php\/nosotros\/mision\/#primaryimage"},"thumbnailUrl":"https:\/\/clinicadecancerologians.com\/wp-content\/uploads\/2019\/04\/piniciio.jpg","datePublished":"2017-03-04T17:36:47+00:00","dateModified":"2025-09-03T13:48:24+00:00","breadcrumb":{"@id":"https:\/\/clinicadecancerologians.com\/index.php\/nosotros\/mision\/#breadcrumb"},"inLanguage":"es","potentialAction":[{"@type":"ReadAction","target":["https:\/\/clinicadecancerologians.com\/index.php\/nosotros\/mision\/"]}]},{"@type":"ImageObject","inLanguage":"es","@id":"https:\/\/clinicadecancerologians.com\/index.php\/nosotros\/mision\/#primaryimage","url":"https:\/\/clinicadecancerologians.com\/wp-content\/uploads\/2019\/04\/piniciio.jpg","contentUrl":"https:\/\/clinicadecancerologians.com\/wp-content\/uploads\/2019\/04\/piniciio.jpg","width":600,"height":477},{"@type":"BreadcrumbList","@id":"https:\/\/clinicadecancerologians.com\/index.php\/nosotros\/mision\/#breadcrumb","itemListElement":[{"@type":"ListItem","position":1,"name":"Portada","item":"https:\/\/clinicadecancerologians.com\/"},{"@type":"ListItem","position":2,"name":"Nosotros","item":"https:\/\/clinicadecancerologians.com\/index.php\/nosotros\/"},{"@type":"ListItem","position":3,"name":"Mision"}]},{"@type":"WebSite","@id":"https:\/\/clinicadecancerologians.com\/#website","url":"https:\/\/clinicadecancerologians.com\/","name":"Clinica de Cancerologia del Norte de Santander","description":"En Busca De una Mejor Calidad de Vida","publisher":{"@id":"https:\/\/clinicadecancerologians.com\/#organization"},"potentialAction":[{"@type":"SearchAction","target":{"@type":"EntryPoint","urlTemplate":"https:\/\/clinicadecancerologians.com\/?s={search_term_string}"},"query-input":{"@type":"PropertyValueSpecification","valueRequired":true,"valueName":"search_term_string"}}],"inLanguage":"es"},{"@type":"Organization","@id":"https:\/\/clinicadecancerologians.com\/#organization","name":"Clinica de Cancerologia del Norte de Santander","url":"https:\/\/clinicadecancerologians.com\/","logo":{"@type":"ImageObject","inLanguage":"es","@id":"https:\/\/clinicadecancerologians.com\/#\/schema\/logo\/image\/","url":"https:\/\/clinicadecancerologians.com\/wp-content\/uploads\/2019\/04\/CANCEROLOGIA2.png","contentUrl":"https:\/\/clinicadecancerologians.com\/wp-content\/uploads\/2019\/04\/CANCEROLOGIA2.png","width":394,"height":215,"caption":"Clinica de Cancerologia del Norte de Santander"},"image":{"@id":"https:\/\/clinicadecancerologians.com\/#\/schema\/logo\/image\/"},"sameAs":["https:\/\/www.facebook.com\/profile.php?id=100068487632832"]}]}},"_links":{"self":[{"href":"https:\/\/clinicadecancerologians.com\/index.php\/wp-json\/wp\/v2\/pages\/19","targetHints":{"allow":["GET"]}}],"collection":[{"href":"https:\/\/clinicadecancerologians.com\/index.php\/wp-json\/wp\/v2\/pages"}],"about":[{"href":"https:\/\/clinicadecancerologians.com\/index.php\/wp-json\/wp\/v2\/types\/page"}],"author":[{"embeddable":true,"href":"https:\/\/clinicadecancerologians.com\/index.php\/wp-json\/wp\/v2\/users\/1"}],"replies":[{"embeddable":true,"href":"https:\/\/clinicadecancerologians.com\/index.php\/wp-json\/wp\/v2\/comments?post=19"}],"version-history":[{"count":4,"href":"https:\/\/clinicadecancerologians.com\/index.php\/wp-json\/wp\/v2\/pages\/19\/revisions"}],"predecessor-version":[{"id":1033,"href":"https:\/\/clinicadecancerologians.com\/index.php\/wp-json\/wp\/v2\/pages\/19\/revisions\/1033"}],"up":[{"embeddable":true,"href":"https:\/\/clinicadecancerologians.com\/index.php\/wp-json\/wp\/v2\/pages\/15"}],"wp:featuredmedia":[{"embeddable":true,"href":"https:\/\/clinicadecancerologians.com\/index.php\/wp-json\/wp\/v2\/media\/211"}],"wp:attachment":[{"href":"https:\/\/clinicadecancerologians.com\/index.php\/wp-json\/wp\/v2\/media?parent=19"}],"curies":[{"name":"wp","href":"https:\/\/api.w.org\/{rel}","templated":true}]}}