{"id":231,"date":"2019-04-03T05:44:14","date_gmt":"2019-04-03T05:44:14","guid":{"rendered":"https:\/\/www.clinicadecancerologiadelnortedesantander.com\/?page_id=231"},"modified":"2021-02-19T16:50:41","modified_gmt":"2021-02-19T16:50:41","slug":"central-de-mezclas","status":"publish","type":"page","link":"https:\/\/clinicadecancerologians.com\/index.php\/servicios-prestados\/central-de-mezclas\/","title":{"rendered":"Central de Mezclas"},"content":{"rendered":"\n<div class=\"wp-block-image\"><figure class=\"alignleft is-resized\"><img loading=\"lazy\" decoding=\"async\" src=\"https:\/\/clinicadecancerologians.com\/wp-content\/uploads\/2019\/04\/central-de-mezclas.png\" alt=\"\" class=\"wp-image-233\" width=\"365\" height=\"325\" srcset=\"https:\/\/clinicadecancerologians.com\/wp-content\/uploads\/2019\/04\/central-de-mezclas.png 600w, https:\/\/clinicadecancerologians.com\/wp-content\/uploads\/2019\/04\/central-de-mezclas-300x268.png 300w\" sizes=\"auto, (max-width: 365px) 100vw, 365px\" \/><figcaption>Quimico Farmaceutico preparando<\/figcaption><\/figure><\/div>\n\n\n\n<p>La central de mezclas tiene como prop\u00f3sito prestar un servicio de apoyo en el proceso de atencion de los pacientes en la preparacion de medicamentos oncologicos para los tratamientos de quimioterapia, con un alto est\u00e1ndar de calidad e innovaci\u00f3n tecnol\u00f3gica ofrecemos una atenci\u00f3n integral que garantiza la calidad de los medicamentos desde su recepcion, almacenamiento y preparaci\u00f3n para su aplicaci\u00f3n.<\/p>\n\n\n\n<ul class=\"wp-block-list\"><li>Dispensacion de medicamentos oncologicos para tratamientos orales.<\/li><li>Adecuacion y ajuste de concentraciones de dosis de medicamentos oncologicos.<\/li><li>Atencion farmaceutica y adherencia al tratamiento<\/li><\/ul>\n\n\n\n<p><\/p>\n","protected":false},"excerpt":{"rendered":"<p>La central de mezclas tiene como prop\u00f3sito prestar un servicio de apoyo en el proceso de atencion de los pacientes en la preparacion de medicamentos oncologicos para los tratamientos de quimioterapia, con un alto est\u00e1ndar de calidad e innovaci\u00f3n tecnol\u00f3gica ofrecemos una atenci\u00f3n integral que garantiza la calidad de los<a class=\"moretag\" href=\"https:\/\/clinicadecancerologians.com\/index.php\/servicios-prestados\/central-de-mezclas\/\"> Leer m\u00e1s<\/a><\/p>\n","protected":false},"author":1,"featured_media":0,"parent":35,"menu_order":0,"comment_status":"closed","ping_status":"closed","template":"","meta":{"footnotes":""},"class_list":["post-231","page","type-page","status-publish","hentry"],"yoast_head":"<!-- This site is optimized with the Yoast SEO plugin v27.4 - https:\/\/yoast.com\/product\/yoast-seo-wordpress\/ -->\n<title>Central de Mezclas - Clinica de Cancerologia del Norte de Santander<\/title>\n<meta name=\"robots\" content=\"index, follow, max-snippet:-1, max-image-preview:large, max-video-preview:-1\" \/>\n<link rel=\"canonical\" href=\"https:\/\/clinicadecancerologians.com\/index.php\/servicios-prestados\/central-de-mezclas\/\" \/>\n<meta property=\"og:locale\" content=\"es_ES\" \/>\n<meta property=\"og:type\" content=\"article\" \/>\n<meta property=\"og:title\" content=\"Central de Mezclas - Clinica de Cancerologia del Norte de Santander\" \/>\n<meta property=\"og:description\" content=\"La central de mezclas tiene como prop\u00f3sito prestar un servicio de apoyo en el proceso de atencion de los pacientes en la preparacion de medicamentos oncologicos para los tratamientos de quimioterapia, con un alto est\u00e1ndar de calidad e innovaci\u00f3n tecnol\u00f3gica ofrecemos una atenci\u00f3n integral que garantiza la calidad de los Leer m\u00e1s\" \/>\n<meta property=\"og:url\" content=\"https:\/\/clinicadecancerologians.com\/index.php\/servicios-prestados\/central-de-mezclas\/\" \/>\n<meta property=\"og:site_name\" content=\"Clinica de Cancerologia del Norte de Santander\" \/>\n<meta property=\"article:publisher\" content=\"https:\/\/www.facebook.com\/profile.php?id=100068487632832\" \/>\n<meta property=\"article:modified_time\" content=\"2021-02-19T16:50:41+00:00\" \/>\n<meta property=\"og:image\" content=\"https:\/\/clinicadecancerologians.com\/wp-content\/uploads\/2019\/04\/central-de-mezclas.png\" \/>\n<meta name=\"twitter:card\" content=\"summary_large_image\" \/>\n<script type=\"application\/ld+json\" class=\"yoast-schema-graph\">{\"@context\":\"https:\\\/\\\/schema.org\",\"@graph\":[{\"@type\":\"WebPage\",\"@id\":\"https:\\\/\\\/clinicadecancerologians.com\\\/index.php\\\/servicios-prestados\\\/central-de-mezclas\\\/\",\"url\":\"https:\\\/\\\/clinicadecancerologians.com\\\/index.php\\\/servicios-prestados\\\/central-de-mezclas\\\/\",\"name\":\"Central de Mezclas - Clinica de Cancerologia del Norte de Santander\",\"isPartOf\":{\"@id\":\"https:\\\/\\\/clinicadecancerologians.com\\\/#website\"},\"primaryImageOfPage\":{\"@id\":\"https:\\\/\\\/clinicadecancerologians.com\\\/index.php\\\/servicios-prestados\\\/central-de-mezclas\\\/#primaryimage\"},\"image\":{\"@id\":\"https:\\\/\\\/clinicadecancerologians.com\\\/index.php\\\/servicios-prestados\\\/central-de-mezclas\\\/#primaryimage\"},\"thumbnailUrl\":\"https:\\\/\\\/clinicadecancerologians.com\\\/wp-content\\\/uploads\\\/2019\\\/04\\\/central-de-mezclas.png\",\"datePublished\":\"2019-04-03T05:44:14+00:00\",\"dateModified\":\"2021-02-19T16:50:41+00:00\",\"breadcrumb\":{\"@id\":\"https:\\\/\\\/clinicadecancerologians.com\\\/index.php\\\/servicios-prestados\\\/central-de-mezclas\\\/#breadcrumb\"},\"inLanguage\":\"es\",\"potentialAction\":[{\"@type\":\"ReadAction\",\"target\":[\"https:\\\/\\\/clinicadecancerologians.com\\\/index.php\\\/servicios-prestados\\\/central-de-mezclas\\\/\"]}]},{\"@type\":\"ImageObject\",\"inLanguage\":\"es\",\"@id\":\"https:\\\/\\\/clinicadecancerologians.com\\\/index.php\\\/servicios-prestados\\\/central-de-mezclas\\\/#primaryimage\",\"url\":\"https:\\\/\\\/clinicadecancerologians.com\\\/wp-content\\\/uploads\\\/2019\\\/04\\\/central-de-mezclas.png\",\"contentUrl\":\"https:\\\/\\\/clinicadecancerologians.com\\\/wp-content\\\/uploads\\\/2019\\\/04\\\/central-de-mezclas.png\",\"width\":600,\"height\":535},{\"@type\":\"BreadcrumbList\",\"@id\":\"https:\\\/\\\/clinicadecancerologians.com\\\/index.php\\\/servicios-prestados\\\/central-de-mezclas\\\/#breadcrumb\",\"itemListElement\":[{\"@type\":\"ListItem\",\"position\":1,\"name\":\"Portada\",\"item\":\"https:\\\/\\\/clinicadecancerologians.com\\\/\"},{\"@type\":\"ListItem\",\"position\":2,\"name\":\"Atenci\u00f3n y Servicios a la Ciudadan\u00eda\",\"item\":\"https:\\\/\\\/clinicadecancerologians.com\\\/index.php\\\/servicios-prestados\\\/\"},{\"@type\":\"ListItem\",\"position\":3,\"name\":\"Central de Mezclas\"}]},{\"@type\":\"WebSite\",\"@id\":\"https:\\\/\\\/clinicadecancerologians.com\\\/#website\",\"url\":\"https:\\\/\\\/clinicadecancerologians.com\\\/\",\"name\":\"Clinica de Cancerologia del Norte de Santander\",\"description\":\"En Busca De una Mejor Calidad de Vida\",\"publisher\":{\"@id\":\"https:\\\/\\\/clinicadecancerologians.com\\\/#organization\"},\"potentialAction\":[{\"@type\":\"SearchAction\",\"target\":{\"@type\":\"EntryPoint\",\"urlTemplate\":\"https:\\\/\\\/clinicadecancerologians.com\\\/?s={search_term_string}\"},\"query-input\":{\"@type\":\"PropertyValueSpecification\",\"valueRequired\":true,\"valueName\":\"search_term_string\"}}],\"inLanguage\":\"es\"},{\"@type\":\"Organization\",\"@id\":\"https:\\\/\\\/clinicadecancerologians.com\\\/#organization\",\"name\":\"Clinica de Cancerologia del Norte de Santander\",\"url\":\"https:\\\/\\\/clinicadecancerologians.com\\\/\",\"logo\":{\"@type\":\"ImageObject\",\"inLanguage\":\"es\",\"@id\":\"https:\\\/\\\/clinicadecancerologians.com\\\/#\\\/schema\\\/logo\\\/image\\\/\",\"url\":\"https:\\\/\\\/clinicadecancerologians.com\\\/wp-content\\\/uploads\\\/2019\\\/04\\\/CANCEROLOGIA2.png\",\"contentUrl\":\"https:\\\/\\\/clinicadecancerologians.com\\\/wp-content\\\/uploads\\\/2019\\\/04\\\/CANCEROLOGIA2.png\",\"width\":394,\"height\":215,\"caption\":\"Clinica de Cancerologia del Norte de Santander\"},\"image\":{\"@id\":\"https:\\\/\\\/clinicadecancerologians.com\\\/#\\\/schema\\\/logo\\\/image\\\/\"},\"sameAs\":[\"https:\\\/\\\/www.facebook.com\\\/profile.php?id=100068487632832\"]}]}<\/script>\n<!-- \/ Yoast SEO plugin. -->","yoast_head_json":{"title":"Central de Mezclas - Clinica de Cancerologia del Norte de Santander","robots":{"index":"index","follow":"follow","max-snippet":"max-snippet:-1","max-image-preview":"max-image-preview:large","max-video-preview":"max-video-preview:-1"},"canonical":"https:\/\/clinicadecancerologians.com\/index.php\/servicios-prestados\/central-de-mezclas\/","og_locale":"es_ES","og_type":"article","og_title":"Central de Mezclas - Clinica de Cancerologia del Norte de Santander","og_description":"La central de mezclas tiene como prop\u00f3sito prestar un servicio de apoyo en el proceso de atencion de los pacientes en la preparacion de medicamentos oncologicos para los tratamientos de quimioterapia, con un alto est\u00e1ndar de calidad e innovaci\u00f3n tecnol\u00f3gica ofrecemos una atenci\u00f3n integral que garantiza la calidad de los Leer m\u00e1s","og_url":"https:\/\/clinicadecancerologians.com\/index.php\/servicios-prestados\/central-de-mezclas\/","og_site_name":"Clinica de Cancerologia del Norte de Santander","article_publisher":"https:\/\/www.facebook.com\/profile.php?id=100068487632832","article_modified_time":"2021-02-19T16:50:41+00:00","og_image":[{"url":"https:\/\/clinicadecancerologians.com\/wp-content\/uploads\/2019\/04\/central-de-mezclas.png","type":"","width":"","height":""}],"twitter_card":"summary_large_image","schema":{"@context":"https:\/\/schema.org","@graph":[{"@type":"WebPage","@id":"https:\/\/clinicadecancerologians.com\/index.php\/servicios-prestados\/central-de-mezclas\/","url":"https:\/\/clinicadecancerologians.com\/index.php\/servicios-prestados\/central-de-mezclas\/","name":"Central de Mezclas - Clinica de Cancerologia del Norte de Santander","isPartOf":{"@id":"https:\/\/clinicadecancerologians.com\/#website"},"primaryImageOfPage":{"@id":"https:\/\/clinicadecancerologians.com\/index.php\/servicios-prestados\/central-de-mezclas\/#primaryimage"},"image":{"@id":"https:\/\/clinicadecancerologians.com\/index.php\/servicios-prestados\/central-de-mezclas\/#primaryimage"},"thumbnailUrl":"https:\/\/clinicadecancerologians.com\/wp-content\/uploads\/2019\/04\/central-de-mezclas.png","datePublished":"2019-04-03T05:44:14+00:00","dateModified":"2021-02-19T16:50:41+00:00","breadcrumb":{"@id":"https:\/\/clinicadecancerologians.com\/index.php\/servicios-prestados\/central-de-mezclas\/#breadcrumb"},"inLanguage":"es","potentialAction":[{"@type":"ReadAction","target":["https:\/\/clinicadecancerologians.com\/index.php\/servicios-prestados\/central-de-mezclas\/"]}]},{"@type":"ImageObject","inLanguage":"es","@id":"https:\/\/clinicadecancerologians.com\/index.php\/servicios-prestados\/central-de-mezclas\/#primaryimage","url":"https:\/\/clinicadecancerologians.com\/wp-content\/uploads\/2019\/04\/central-de-mezclas.png","contentUrl":"https:\/\/clinicadecancerologians.com\/wp-content\/uploads\/2019\/04\/central-de-mezclas.png","width":600,"height":535},{"@type":"BreadcrumbList","@id":"https:\/\/clinicadecancerologians.com\/index.php\/servicios-prestados\/central-de-mezclas\/#breadcrumb","itemListElement":[{"@type":"ListItem","position":1,"name":"Portada","item":"https:\/\/clinicadecancerologians.com\/"},{"@type":"ListItem","position":2,"name":"Atenci\u00f3n y Servicios a la Ciudadan\u00eda","item":"https:\/\/clinicadecancerologians.com\/index.php\/servicios-prestados\/"},{"@type":"ListItem","position":3,"name":"Central de Mezclas"}]},{"@type":"WebSite","@id":"https:\/\/clinicadecancerologians.com\/#website","url":"https:\/\/clinicadecancerologians.com\/","name":"Clinica de Cancerologia del Norte de Santander","description":"En Busca De una Mejor Calidad de Vida","publisher":{"@id":"https:\/\/clinicadecancerologians.com\/#organization"},"potentialAction":[{"@type":"SearchAction","target":{"@type":"EntryPoint","urlTemplate":"https:\/\/clinicadecancerologians.com\/?s={search_term_string}"},"query-input":{"@type":"PropertyValueSpecification","valueRequired":true,"valueName":"search_term_string"}}],"inLanguage":"es"},{"@type":"Organization","@id":"https:\/\/clinicadecancerologians.com\/#organization","name":"Clinica de Cancerologia del Norte de Santander","url":"https:\/\/clinicadecancerologians.com\/","logo":{"@type":"ImageObject","inLanguage":"es","@id":"https:\/\/clinicadecancerologians.com\/#\/schema\/logo\/image\/","url":"https:\/\/clinicadecancerologians.com\/wp-content\/uploads\/2019\/04\/CANCEROLOGIA2.png","contentUrl":"https:\/\/clinicadecancerologians.com\/wp-content\/uploads\/2019\/04\/CANCEROLOGIA2.png","width":394,"height":215,"caption":"Clinica de Cancerologia del Norte de Santander"},"image":{"@id":"https:\/\/clinicadecancerologians.com\/#\/schema\/logo\/image\/"},"sameAs":["https:\/\/www.facebook.com\/profile.php?id=100068487632832"]}]}},"_links":{"self":[{"href":"https:\/\/clinicadecancerologians.com\/index.php\/wp-json\/wp\/v2\/pages\/231","targetHints":{"allow":["GET"]}}],"collection":[{"href":"https:\/\/clinicadecancerologians.com\/index.php\/wp-json\/wp\/v2\/pages"}],"about":[{"href":"https:\/\/clinicadecancerologians.com\/index.php\/wp-json\/wp\/v2\/types\/page"}],"author":[{"embeddable":true,"href":"https:\/\/clinicadecancerologians.com\/index.php\/wp-json\/wp\/v2\/users\/1"}],"replies":[{"embeddable":true,"href":"https:\/\/clinicadecancerologians.com\/index.php\/wp-json\/wp\/v2\/comments?post=231"}],"version-history":[{"count":5,"href":"https:\/\/clinicadecancerologians.com\/index.php\/wp-json\/wp\/v2\/pages\/231\/revisions"}],"predecessor-version":[{"id":407,"href":"https:\/\/clinicadecancerologians.com\/index.php\/wp-json\/wp\/v2\/pages\/231\/revisions\/407"}],"up":[{"embeddable":true,"href":"https:\/\/clinicadecancerologians.com\/index.php\/wp-json\/wp\/v2\/pages\/35"}],"wp:attachment":[{"href":"https:\/\/clinicadecancerologians.com\/index.php\/wp-json\/wp\/v2\/media?parent=231"}],"curies":[{"name":"wp","href":"https:\/\/api.w.org\/{rel}","templated":true}]}}