{"id":237,"date":"2019-04-03T05:45:38","date_gmt":"2019-04-03T05:45:38","guid":{"rendered":"https:\/\/www.clinicadecancerologiadelnortedesantander.com\/?page_id=237"},"modified":"2019-04-03T05:48:13","modified_gmt":"2019-04-03T05:48:13","slug":"procedimientos-de-hematologia","status":"publish","type":"page","link":"https:\/\/clinicadecancerologians.com\/index.php\/servicios-prestados\/procedimientos-de-hematologia\/","title":{"rendered":"Procedimientos de Hematolog\u00eda"},"content":{"rendered":"\n<p>Evaluamos de\nforma integral al paciente&nbsp; mediante la\natenci\u00f3n m\u00e9dica especializada y multidisciplinaria, haciendo \u00e9nfasis en los\nprincipios de respeto, humanizaci\u00f3n y seguridad, a trav\u00e9s de la implementaci\u00f3n\nde pruebas diagn\u00f3sticas que permiten establecer una conducta espec\u00edfica, para brindar\nal paciente y a su familia informaci\u00f3n amplia y suficiente que le ayude a&nbsp; entender su enfermedad y las opciones de\ntratamiento propuestas.&nbsp;&nbsp;&nbsp; <strong><em>Sala\nde Procedimientos <\/em><\/strong><\/p>\n\n\n\n<div class=\"wp-block-image\"><figure class=\"aligncenter is-resized\"><img loading=\"lazy\" decoding=\"async\" src=\"https:\/\/clinicadecancerologians.com\/wp-content\/uploads\/2019\/04\/boton3-2.png\" alt=\"\" class=\"wp-image-238\" width=\"265\" height=\"265\" srcset=\"https:\/\/clinicadecancerologians.com\/wp-content\/uploads\/2019\/04\/boton3-2.png 451w, https:\/\/clinicadecancerologians.com\/wp-content\/uploads\/2019\/04\/boton3-2-150x150.png 150w, https:\/\/clinicadecancerologians.com\/wp-content\/uploads\/2019\/04\/boton3-2-300x300.png 300w, https:\/\/clinicadecancerologians.com\/wp-content\/uploads\/2019\/04\/boton3-2-250x250.png 250w, https:\/\/clinicadecancerologians.com\/wp-content\/uploads\/2019\/04\/boton3-2-174x174.png 174w\" sizes=\"auto, (max-width: 265px) 100vw, 265px\" \/><\/figure><\/div>\n\n\n\n<p>Nuestro ejercicio\nprofesional est\u00e1 fundamentado en la b\u00fasqueda constante del conocimiento, la\n\u00e9tica y el desarrollo cient\u00edfico que permita la innovaci\u00f3n institucional\ncontinua,Con enfoque hacia las siguientes patologias: <\/p>\n\n\n\n<ul class=\"wp-block-list\"><li>Diagn\u00f3stico y tratamiento de\ntumores s\u00f3lidos<\/li><li>Diagn\u00f3stico y tratamiento de\nneoplasias hematol\u00f3gicas:<\/li><li>Leucemias agudas y cr\u00f3nicas<\/li><li>Linfomas Hodgkin y no Hodgkin<\/li><li>S\u00edndromes linfoproliferativos\npostrasplante de \u00f3rganos s\u00f3lidos<\/li><li>S\u00edndromes mieloproliferativos\ncr\u00f3nicos<\/li><li>Mieloma m\u00faltiple y otras\ngamapat\u00edas monoclonales<\/li><li>S\u00edndromes mielodispl\u00e1sicos<\/li><li>Diagn\u00f3stico y tratamiento de\naplasia e hipoplasia de medula \u00f3sea adquirida<\/li><li>Diagn\u00f3stico y tratamiento de\ns\u00edndromes an\u00e9micos de cualquier etiolog\u00eda<\/li><\/ul>\n\n\n\n<ul class=\"wp-block-list\"><li>Diagn\u00f3stico y tratamiento de\nlos trastornos de la hemostasia tanto cong\u00e9nitos como adquiridos:<\/li><li>Enfermedad de Von Willebrand<\/li><li>Trombofilias<\/li><li>Hemoglobinuria parox\u00edstica\nnocturna<\/li><li>Trombocitopenia inmune\nprimaria<\/li><li>P\u00farpura trombocitopenica\ntromb\u00f3tica<\/li><\/ul>\n","protected":false},"excerpt":{"rendered":"<p>Evaluamos de forma integral al paciente&nbsp; mediante la atenci\u00f3n m\u00e9dica especializada y multidisciplinaria, haciendo \u00e9nfasis en los principios de respeto, humanizaci\u00f3n y seguridad, a trav\u00e9s de la implementaci\u00f3n de pruebas diagn\u00f3sticas que permiten establecer una conducta espec\u00edfica, para brindar al paciente y a su familia informaci\u00f3n amplia y suficiente que<a class=\"moretag\" href=\"https:\/\/clinicadecancerologians.com\/index.php\/servicios-prestados\/procedimientos-de-hematologia\/\"> Leer m\u00e1s<\/a><\/p>\n","protected":false},"author":1,"featured_media":0,"parent":35,"menu_order":0,"comment_status":"closed","ping_status":"closed","template":"","meta":{"footnotes":""},"class_list":["post-237","page","type-page","status-publish","hentry"],"yoast_head":"<!-- This site is optimized with the Yoast SEO plugin v27.4 - https:\/\/yoast.com\/product\/yoast-seo-wordpress\/ -->\n<title>Procedimientos de Hematolog\u00eda - Clinica de Cancerologia del Norte de Santander<\/title>\n<meta name=\"robots\" content=\"index, follow, max-snippet:-1, max-image-preview:large, max-video-preview:-1\" \/>\n<link rel=\"canonical\" href=\"https:\/\/clinicadecancerologians.com\/index.php\/servicios-prestados\/procedimientos-de-hematologia\/\" \/>\n<meta property=\"og:locale\" content=\"es_ES\" \/>\n<meta property=\"og:type\" content=\"article\" \/>\n<meta property=\"og:title\" content=\"Procedimientos de Hematolog\u00eda - Clinica de Cancerologia del Norte de Santander\" \/>\n<meta property=\"og:description\" content=\"Evaluamos de forma integral al paciente&nbsp; mediante la atenci\u00f3n m\u00e9dica especializada y multidisciplinaria, haciendo \u00e9nfasis en los principios de respeto, humanizaci\u00f3n y seguridad, a trav\u00e9s de la implementaci\u00f3n de pruebas diagn\u00f3sticas que permiten establecer una conducta espec\u00edfica, para brindar al paciente y a su familia informaci\u00f3n amplia y suficiente que Leer m\u00e1s\" \/>\n<meta property=\"og:url\" content=\"https:\/\/clinicadecancerologians.com\/index.php\/servicios-prestados\/procedimientos-de-hematologia\/\" \/>\n<meta property=\"og:site_name\" content=\"Clinica de Cancerologia del Norte de Santander\" \/>\n<meta property=\"article:publisher\" content=\"https:\/\/www.facebook.com\/profile.php?id=100068487632832\" \/>\n<meta property=\"article:modified_time\" content=\"2019-04-03T05:48:13+00:00\" \/>\n<meta property=\"og:image\" content=\"https:\/\/clinicadecancerologians.com\/wp-content\/uploads\/2019\/04\/boton3-2.png\" \/>\n<meta name=\"twitter:card\" content=\"summary_large_image\" \/>\n<meta name=\"twitter:label1\" content=\"Tiempo de lectura\" \/>\n\t<meta name=\"twitter:data1\" content=\"1 minuto\" \/>\n<script type=\"application\/ld+json\" class=\"yoast-schema-graph\">{\"@context\":\"https:\\\/\\\/schema.org\",\"@graph\":[{\"@type\":\"WebPage\",\"@id\":\"https:\\\/\\\/clinicadecancerologians.com\\\/index.php\\\/servicios-prestados\\\/procedimientos-de-hematologia\\\/\",\"url\":\"https:\\\/\\\/clinicadecancerologians.com\\\/index.php\\\/servicios-prestados\\\/procedimientos-de-hematologia\\\/\",\"name\":\"Procedimientos de Hematolog\u00eda - Clinica de Cancerologia del Norte de Santander\",\"isPartOf\":{\"@id\":\"https:\\\/\\\/clinicadecancerologians.com\\\/#website\"},\"primaryImageOfPage\":{\"@id\":\"https:\\\/\\\/clinicadecancerologians.com\\\/index.php\\\/servicios-prestados\\\/procedimientos-de-hematologia\\\/#primaryimage\"},\"image\":{\"@id\":\"https:\\\/\\\/clinicadecancerologians.com\\\/index.php\\\/servicios-prestados\\\/procedimientos-de-hematologia\\\/#primaryimage\"},\"thumbnailUrl\":\"https:\\\/\\\/clinicadecancerologians.com\\\/wp-content\\\/uploads\\\/2019\\\/04\\\/boton3-2.png\",\"datePublished\":\"2019-04-03T05:45:38+00:00\",\"dateModified\":\"2019-04-03T05:48:13+00:00\",\"breadcrumb\":{\"@id\":\"https:\\\/\\\/clinicadecancerologians.com\\\/index.php\\\/servicios-prestados\\\/procedimientos-de-hematologia\\\/#breadcrumb\"},\"inLanguage\":\"es\",\"potentialAction\":[{\"@type\":\"ReadAction\",\"target\":[\"https:\\\/\\\/clinicadecancerologians.com\\\/index.php\\\/servicios-prestados\\\/procedimientos-de-hematologia\\\/\"]}]},{\"@type\":\"ImageObject\",\"inLanguage\":\"es\",\"@id\":\"https:\\\/\\\/clinicadecancerologians.com\\\/index.php\\\/servicios-prestados\\\/procedimientos-de-hematologia\\\/#primaryimage\",\"url\":\"https:\\\/\\\/clinicadecancerologians.com\\\/wp-content\\\/uploads\\\/2019\\\/04\\\/boton3-2.png\",\"contentUrl\":\"https:\\\/\\\/clinicadecancerologians.com\\\/wp-content\\\/uploads\\\/2019\\\/04\\\/boton3-2.png\",\"width\":451,\"height\":451},{\"@type\":\"BreadcrumbList\",\"@id\":\"https:\\\/\\\/clinicadecancerologians.com\\\/index.php\\\/servicios-prestados\\\/procedimientos-de-hematologia\\\/#breadcrumb\",\"itemListElement\":[{\"@type\":\"ListItem\",\"position\":1,\"name\":\"Portada\",\"item\":\"https:\\\/\\\/clinicadecancerologians.com\\\/\"},{\"@type\":\"ListItem\",\"position\":2,\"name\":\"Atenci\u00f3n y Servicios a la Ciudadan\u00eda\",\"item\":\"https:\\\/\\\/clinicadecancerologians.com\\\/index.php\\\/servicios-prestados\\\/\"},{\"@type\":\"ListItem\",\"position\":3,\"name\":\"Procedimientos de Hematolog\u00eda\"}]},{\"@type\":\"WebSite\",\"@id\":\"https:\\\/\\\/clinicadecancerologians.com\\\/#website\",\"url\":\"https:\\\/\\\/clinicadecancerologians.com\\\/\",\"name\":\"Clinica de Cancerologia del Norte de Santander\",\"description\":\"En Busca De una Mejor Calidad de Vida\",\"publisher\":{\"@id\":\"https:\\\/\\\/clinicadecancerologians.com\\\/#organization\"},\"potentialAction\":[{\"@type\":\"SearchAction\",\"target\":{\"@type\":\"EntryPoint\",\"urlTemplate\":\"https:\\\/\\\/clinicadecancerologians.com\\\/?s={search_term_string}\"},\"query-input\":{\"@type\":\"PropertyValueSpecification\",\"valueRequired\":true,\"valueName\":\"search_term_string\"}}],\"inLanguage\":\"es\"},{\"@type\":\"Organization\",\"@id\":\"https:\\\/\\\/clinicadecancerologians.com\\\/#organization\",\"name\":\"Clinica de Cancerologia del Norte de Santander\",\"url\":\"https:\\\/\\\/clinicadecancerologians.com\\\/\",\"logo\":{\"@type\":\"ImageObject\",\"inLanguage\":\"es\",\"@id\":\"https:\\\/\\\/clinicadecancerologians.com\\\/#\\\/schema\\\/logo\\\/image\\\/\",\"url\":\"https:\\\/\\\/clinicadecancerologians.com\\\/wp-content\\\/uploads\\\/2019\\\/04\\\/CANCEROLOGIA2.png\",\"contentUrl\":\"https:\\\/\\\/clinicadecancerologians.com\\\/wp-content\\\/uploads\\\/2019\\\/04\\\/CANCEROLOGIA2.png\",\"width\":394,\"height\":215,\"caption\":\"Clinica de Cancerologia del Norte de Santander\"},\"image\":{\"@id\":\"https:\\\/\\\/clinicadecancerologians.com\\\/#\\\/schema\\\/logo\\\/image\\\/\"},\"sameAs\":[\"https:\\\/\\\/www.facebook.com\\\/profile.php?id=100068487632832\"]}]}<\/script>\n<!-- \/ Yoast SEO plugin. -->","yoast_head_json":{"title":"Procedimientos de Hematolog\u00eda - Clinica de Cancerologia del Norte de Santander","robots":{"index":"index","follow":"follow","max-snippet":"max-snippet:-1","max-image-preview":"max-image-preview:large","max-video-preview":"max-video-preview:-1"},"canonical":"https:\/\/clinicadecancerologians.com\/index.php\/servicios-prestados\/procedimientos-de-hematologia\/","og_locale":"es_ES","og_type":"article","og_title":"Procedimientos de Hematolog\u00eda - Clinica de Cancerologia del Norte de Santander","og_description":"Evaluamos de forma integral al paciente&nbsp; mediante la atenci\u00f3n m\u00e9dica especializada y multidisciplinaria, haciendo \u00e9nfasis en los principios de respeto, humanizaci\u00f3n y seguridad, a trav\u00e9s de la implementaci\u00f3n de pruebas diagn\u00f3sticas que permiten establecer una conducta espec\u00edfica, para brindar al paciente y a su familia informaci\u00f3n amplia y suficiente que Leer m\u00e1s","og_url":"https:\/\/clinicadecancerologians.com\/index.php\/servicios-prestados\/procedimientos-de-hematologia\/","og_site_name":"Clinica de Cancerologia del Norte de Santander","article_publisher":"https:\/\/www.facebook.com\/profile.php?id=100068487632832","article_modified_time":"2019-04-03T05:48:13+00:00","og_image":[{"url":"https:\/\/clinicadecancerologians.com\/wp-content\/uploads\/2019\/04\/boton3-2.png","type":"","width":"","height":""}],"twitter_card":"summary_large_image","twitter_misc":{"Tiempo de lectura":"1 minuto"},"schema":{"@context":"https:\/\/schema.org","@graph":[{"@type":"WebPage","@id":"https:\/\/clinicadecancerologians.com\/index.php\/servicios-prestados\/procedimientos-de-hematologia\/","url":"https:\/\/clinicadecancerologians.com\/index.php\/servicios-prestados\/procedimientos-de-hematologia\/","name":"Procedimientos de Hematolog\u00eda - Clinica de Cancerologia del Norte de Santander","isPartOf":{"@id":"https:\/\/clinicadecancerologians.com\/#website"},"primaryImageOfPage":{"@id":"https:\/\/clinicadecancerologians.com\/index.php\/servicios-prestados\/procedimientos-de-hematologia\/#primaryimage"},"image":{"@id":"https:\/\/clinicadecancerologians.com\/index.php\/servicios-prestados\/procedimientos-de-hematologia\/#primaryimage"},"thumbnailUrl":"https:\/\/clinicadecancerologians.com\/wp-content\/uploads\/2019\/04\/boton3-2.png","datePublished":"2019-04-03T05:45:38+00:00","dateModified":"2019-04-03T05:48:13+00:00","breadcrumb":{"@id":"https:\/\/clinicadecancerologians.com\/index.php\/servicios-prestados\/procedimientos-de-hematologia\/#breadcrumb"},"inLanguage":"es","potentialAction":[{"@type":"ReadAction","target":["https:\/\/clinicadecancerologians.com\/index.php\/servicios-prestados\/procedimientos-de-hematologia\/"]}]},{"@type":"ImageObject","inLanguage":"es","@id":"https:\/\/clinicadecancerologians.com\/index.php\/servicios-prestados\/procedimientos-de-hematologia\/#primaryimage","url":"https:\/\/clinicadecancerologians.com\/wp-content\/uploads\/2019\/04\/boton3-2.png","contentUrl":"https:\/\/clinicadecancerologians.com\/wp-content\/uploads\/2019\/04\/boton3-2.png","width":451,"height":451},{"@type":"BreadcrumbList","@id":"https:\/\/clinicadecancerologians.com\/index.php\/servicios-prestados\/procedimientos-de-hematologia\/#breadcrumb","itemListElement":[{"@type":"ListItem","position":1,"name":"Portada","item":"https:\/\/clinicadecancerologians.com\/"},{"@type":"ListItem","position":2,"name":"Atenci\u00f3n y Servicios a la Ciudadan\u00eda","item":"https:\/\/clinicadecancerologians.com\/index.php\/servicios-prestados\/"},{"@type":"ListItem","position":3,"name":"Procedimientos de Hematolog\u00eda"}]},{"@type":"WebSite","@id":"https:\/\/clinicadecancerologians.com\/#website","url":"https:\/\/clinicadecancerologians.com\/","name":"Clinica de Cancerologia del Norte de Santander","description":"En Busca De una Mejor Calidad de Vida","publisher":{"@id":"https:\/\/clinicadecancerologians.com\/#organization"},"potentialAction":[{"@type":"SearchAction","target":{"@type":"EntryPoint","urlTemplate":"https:\/\/clinicadecancerologians.com\/?s={search_term_string}"},"query-input":{"@type":"PropertyValueSpecification","valueRequired":true,"valueName":"search_term_string"}}],"inLanguage":"es"},{"@type":"Organization","@id":"https:\/\/clinicadecancerologians.com\/#organization","name":"Clinica de Cancerologia del Norte de Santander","url":"https:\/\/clinicadecancerologians.com\/","logo":{"@type":"ImageObject","inLanguage":"es","@id":"https:\/\/clinicadecancerologians.com\/#\/schema\/logo\/image\/","url":"https:\/\/clinicadecancerologians.com\/wp-content\/uploads\/2019\/04\/CANCEROLOGIA2.png","contentUrl":"https:\/\/clinicadecancerologians.com\/wp-content\/uploads\/2019\/04\/CANCEROLOGIA2.png","width":394,"height":215,"caption":"Clinica de Cancerologia del Norte de Santander"},"image":{"@id":"https:\/\/clinicadecancerologians.com\/#\/schema\/logo\/image\/"},"sameAs":["https:\/\/www.facebook.com\/profile.php?id=100068487632832"]}]}},"_links":{"self":[{"href":"https:\/\/clinicadecancerologians.com\/index.php\/wp-json\/wp\/v2\/pages\/237","targetHints":{"allow":["GET"]}}],"collection":[{"href":"https:\/\/clinicadecancerologians.com\/index.php\/wp-json\/wp\/v2\/pages"}],"about":[{"href":"https:\/\/clinicadecancerologians.com\/index.php\/wp-json\/wp\/v2\/types\/page"}],"author":[{"embeddable":true,"href":"https:\/\/clinicadecancerologians.com\/index.php\/wp-json\/wp\/v2\/users\/1"}],"replies":[{"embeddable":true,"href":"https:\/\/clinicadecancerologians.com\/index.php\/wp-json\/wp\/v2\/comments?post=237"}],"version-history":[{"count":2,"href":"https:\/\/clinicadecancerologians.com\/index.php\/wp-json\/wp\/v2\/pages\/237\/revisions"}],"predecessor-version":[{"id":242,"href":"https:\/\/clinicadecancerologians.com\/index.php\/wp-json\/wp\/v2\/pages\/237\/revisions\/242"}],"up":[{"embeddable":true,"href":"https:\/\/clinicadecancerologians.com\/index.php\/wp-json\/wp\/v2\/pages\/35"}],"wp:attachment":[{"href":"https:\/\/clinicadecancerologians.com\/index.php\/wp-json\/wp\/v2\/media?parent=237"}],"curies":[{"name":"wp","href":"https:\/\/api.w.org\/{rel}","templated":true}]}}