{"id":25,"date":"2017-03-04T17:38:20","date_gmt":"2017-03-04T17:38:20","guid":{"rendered":"https:\/\/clinicadecancerologians.com\/?page_id=25"},"modified":"2025-09-03T13:48:53","modified_gmt":"2025-09-03T13:48:53","slug":"vision","status":"publish","type":"page","link":"https:\/\/clinicadecancerologians.com\/index.php\/nosotros\/vision\/","title":{"rendered":"Visi\u00f3n"},"content":{"rendered":"<p><strong>VISI\u00d3N<\/strong> :La Cl\u00ednica de cancerolog\u00eda del Norte de Santander S.A.S., orienta sus pol\u00edticas en salud para consolidarse como la instituci\u00f3n l\u00edder en prestaci\u00f3n de servicios de Oncolog\u00eda de mayor reconocimiento por su contribuci\u00f3n social, seguridad, calidad y capacidad t\u00e9cnico cient\u00edfica del departamento.<\/p>\n\n\n<p><\/p>\n","protected":false},"excerpt":{"rendered":"<p>VISI\u00d3N :La Cl\u00ednica de cancerolog\u00eda del Norte de Santander S.A.S., orienta sus pol\u00edticas en salud para consolidarse como la instituci\u00f3n l\u00edder en prestaci\u00f3n de servicios de Oncolog\u00eda de mayor reconocimiento por su contribuci\u00f3n social, seguridad, calidad y capacidad t\u00e9cnico cient\u00edfica del departamento.<\/p>\n","protected":false},"author":1,"featured_media":0,"parent":15,"menu_order":0,"comment_status":"closed","ping_status":"closed","template":"","meta":{"footnotes":""},"class_list":["post-25","page","type-page","status-publish","hentry"],"yoast_head":"<!-- This site is optimized with the Yoast SEO plugin v27.4 - https:\/\/yoast.com\/product\/yoast-seo-wordpress\/ -->\n<title>Visi\u00f3n - Clinica de Cancerologia del Norte de Santander<\/title>\n<meta name=\"robots\" content=\"index, follow, max-snippet:-1, max-image-preview:large, max-video-preview:-1\" \/>\n<link rel=\"canonical\" href=\"https:\/\/clinicadecancerologians.com\/index.php\/nosotros\/vision\/\" \/>\n<meta property=\"og:locale\" content=\"es_ES\" \/>\n<meta property=\"og:type\" content=\"article\" \/>\n<meta property=\"og:title\" content=\"Visi\u00f3n - Clinica de Cancerologia del Norte de Santander\" \/>\n<meta property=\"og:description\" content=\"VISI\u00d3N :La Cl\u00ednica de cancerolog\u00eda del Norte de Santander S.A.S., orienta sus pol\u00edticas en salud para consolidarse como la instituci\u00f3n l\u00edder en prestaci\u00f3n de servicios de Oncolog\u00eda de mayor reconocimiento por su contribuci\u00f3n social, seguridad, calidad y capacidad t\u00e9cnico cient\u00edfica del departamento.\" \/>\n<meta property=\"og:url\" content=\"https:\/\/clinicadecancerologians.com\/index.php\/nosotros\/vision\/\" \/>\n<meta property=\"og:site_name\" content=\"Clinica de Cancerologia del Norte de Santander\" \/>\n<meta property=\"article:publisher\" content=\"https:\/\/www.facebook.com\/profile.php?id=100068487632832\" \/>\n<meta property=\"article:modified_time\" content=\"2025-09-03T13:48:53+00:00\" \/>\n<meta name=\"twitter:card\" content=\"summary_large_image\" \/>\n<meta name=\"twitter:label1\" content=\"Tiempo de lectura\" \/>\n\t<meta name=\"twitter:data1\" content=\"1 minuto\" \/>\n<script type=\"application\/ld+json\" class=\"yoast-schema-graph\">{\"@context\":\"https:\\\/\\\/schema.org\",\"@graph\":[{\"@type\":\"WebPage\",\"@id\":\"https:\\\/\\\/clinicadecancerologians.com\\\/index.php\\\/nosotros\\\/vision\\\/\",\"url\":\"https:\\\/\\\/clinicadecancerologians.com\\\/index.php\\\/nosotros\\\/vision\\\/\",\"name\":\"Visi\u00f3n - Clinica de Cancerologia del Norte de Santander\",\"isPartOf\":{\"@id\":\"https:\\\/\\\/clinicadecancerologians.com\\\/#website\"},\"datePublished\":\"2017-03-04T17:38:20+00:00\",\"dateModified\":\"2025-09-03T13:48:53+00:00\",\"breadcrumb\":{\"@id\":\"https:\\\/\\\/clinicadecancerologians.com\\\/index.php\\\/nosotros\\\/vision\\\/#breadcrumb\"},\"inLanguage\":\"es\",\"potentialAction\":[{\"@type\":\"ReadAction\",\"target\":[\"https:\\\/\\\/clinicadecancerologians.com\\\/index.php\\\/nosotros\\\/vision\\\/\"]}]},{\"@type\":\"BreadcrumbList\",\"@id\":\"https:\\\/\\\/clinicadecancerologians.com\\\/index.php\\\/nosotros\\\/vision\\\/#breadcrumb\",\"itemListElement\":[{\"@type\":\"ListItem\",\"position\":1,\"name\":\"Portada\",\"item\":\"https:\\\/\\\/clinicadecancerologians.com\\\/\"},{\"@type\":\"ListItem\",\"position\":2,\"name\":\"Nosotros\",\"item\":\"https:\\\/\\\/clinicadecancerologians.com\\\/index.php\\\/nosotros\\\/\"},{\"@type\":\"ListItem\",\"position\":3,\"name\":\"Visi\u00f3n\"}]},{\"@type\":\"WebSite\",\"@id\":\"https:\\\/\\\/clinicadecancerologians.com\\\/#website\",\"url\":\"https:\\\/\\\/clinicadecancerologians.com\\\/\",\"name\":\"Clinica de Cancerologia del Norte de Santander\",\"description\":\"En Busca De una Mejor Calidad de Vida\",\"publisher\":{\"@id\":\"https:\\\/\\\/clinicadecancerologians.com\\\/#organization\"},\"potentialAction\":[{\"@type\":\"SearchAction\",\"target\":{\"@type\":\"EntryPoint\",\"urlTemplate\":\"https:\\\/\\\/clinicadecancerologians.com\\\/?s={search_term_string}\"},\"query-input\":{\"@type\":\"PropertyValueSpecification\",\"valueRequired\":true,\"valueName\":\"search_term_string\"}}],\"inLanguage\":\"es\"},{\"@type\":\"Organization\",\"@id\":\"https:\\\/\\\/clinicadecancerologians.com\\\/#organization\",\"name\":\"Clinica de Cancerologia del Norte de Santander\",\"url\":\"https:\\\/\\\/clinicadecancerologians.com\\\/\",\"logo\":{\"@type\":\"ImageObject\",\"inLanguage\":\"es\",\"@id\":\"https:\\\/\\\/clinicadecancerologians.com\\\/#\\\/schema\\\/logo\\\/image\\\/\",\"url\":\"https:\\\/\\\/clinicadecancerologians.com\\\/wp-content\\\/uploads\\\/2019\\\/04\\\/CANCEROLOGIA2.png\",\"contentUrl\":\"https:\\\/\\\/clinicadecancerologians.com\\\/wp-content\\\/uploads\\\/2019\\\/04\\\/CANCEROLOGIA2.png\",\"width\":394,\"height\":215,\"caption\":\"Clinica de Cancerologia del Norte de Santander\"},\"image\":{\"@id\":\"https:\\\/\\\/clinicadecancerologians.com\\\/#\\\/schema\\\/logo\\\/image\\\/\"},\"sameAs\":[\"https:\\\/\\\/www.facebook.com\\\/profile.php?id=100068487632832\"]}]}<\/script>\n<!-- \/ Yoast SEO plugin. -->","yoast_head_json":{"title":"Visi\u00f3n - Clinica de Cancerologia del Norte de Santander","robots":{"index":"index","follow":"follow","max-snippet":"max-snippet:-1","max-image-preview":"max-image-preview:large","max-video-preview":"max-video-preview:-1"},"canonical":"https:\/\/clinicadecancerologians.com\/index.php\/nosotros\/vision\/","og_locale":"es_ES","og_type":"article","og_title":"Visi\u00f3n - Clinica de Cancerologia del Norte de Santander","og_description":"VISI\u00d3N :La Cl\u00ednica de cancerolog\u00eda del Norte de Santander S.A.S., orienta sus pol\u00edticas en salud para consolidarse como la instituci\u00f3n l\u00edder en prestaci\u00f3n de servicios de Oncolog\u00eda de mayor reconocimiento por su contribuci\u00f3n social, seguridad, calidad y capacidad t\u00e9cnico cient\u00edfica del departamento.","og_url":"https:\/\/clinicadecancerologians.com\/index.php\/nosotros\/vision\/","og_site_name":"Clinica de Cancerologia del Norte de Santander","article_publisher":"https:\/\/www.facebook.com\/profile.php?id=100068487632832","article_modified_time":"2025-09-03T13:48:53+00:00","twitter_card":"summary_large_image","twitter_misc":{"Tiempo de lectura":"1 minuto"},"schema":{"@context":"https:\/\/schema.org","@graph":[{"@type":"WebPage","@id":"https:\/\/clinicadecancerologians.com\/index.php\/nosotros\/vision\/","url":"https:\/\/clinicadecancerologians.com\/index.php\/nosotros\/vision\/","name":"Visi\u00f3n - Clinica de Cancerologia del Norte de Santander","isPartOf":{"@id":"https:\/\/clinicadecancerologians.com\/#website"},"datePublished":"2017-03-04T17:38:20+00:00","dateModified":"2025-09-03T13:48:53+00:00","breadcrumb":{"@id":"https:\/\/clinicadecancerologians.com\/index.php\/nosotros\/vision\/#breadcrumb"},"inLanguage":"es","potentialAction":[{"@type":"ReadAction","target":["https:\/\/clinicadecancerologians.com\/index.php\/nosotros\/vision\/"]}]},{"@type":"BreadcrumbList","@id":"https:\/\/clinicadecancerologians.com\/index.php\/nosotros\/vision\/#breadcrumb","itemListElement":[{"@type":"ListItem","position":1,"name":"Portada","item":"https:\/\/clinicadecancerologians.com\/"},{"@type":"ListItem","position":2,"name":"Nosotros","item":"https:\/\/clinicadecancerologians.com\/index.php\/nosotros\/"},{"@type":"ListItem","position":3,"name":"Visi\u00f3n"}]},{"@type":"WebSite","@id":"https:\/\/clinicadecancerologians.com\/#website","url":"https:\/\/clinicadecancerologians.com\/","name":"Clinica de Cancerologia del Norte de Santander","description":"En Busca De una Mejor Calidad de Vida","publisher":{"@id":"https:\/\/clinicadecancerologians.com\/#organization"},"potentialAction":[{"@type":"SearchAction","target":{"@type":"EntryPoint","urlTemplate":"https:\/\/clinicadecancerologians.com\/?s={search_term_string}"},"query-input":{"@type":"PropertyValueSpecification","valueRequired":true,"valueName":"search_term_string"}}],"inLanguage":"es"},{"@type":"Organization","@id":"https:\/\/clinicadecancerologians.com\/#organization","name":"Clinica de Cancerologia del Norte de Santander","url":"https:\/\/clinicadecancerologians.com\/","logo":{"@type":"ImageObject","inLanguage":"es","@id":"https:\/\/clinicadecancerologians.com\/#\/schema\/logo\/image\/","url":"https:\/\/clinicadecancerologians.com\/wp-content\/uploads\/2019\/04\/CANCEROLOGIA2.png","contentUrl":"https:\/\/clinicadecancerologians.com\/wp-content\/uploads\/2019\/04\/CANCEROLOGIA2.png","width":394,"height":215,"caption":"Clinica de Cancerologia del Norte de Santander"},"image":{"@id":"https:\/\/clinicadecancerologians.com\/#\/schema\/logo\/image\/"},"sameAs":["https:\/\/www.facebook.com\/profile.php?id=100068487632832"]}]}},"_links":{"self":[{"href":"https:\/\/clinicadecancerologians.com\/index.php\/wp-json\/wp\/v2\/pages\/25","targetHints":{"allow":["GET"]}}],"collection":[{"href":"https:\/\/clinicadecancerologians.com\/index.php\/wp-json\/wp\/v2\/pages"}],"about":[{"href":"https:\/\/clinicadecancerologians.com\/index.php\/wp-json\/wp\/v2\/types\/page"}],"author":[{"embeddable":true,"href":"https:\/\/clinicadecancerologians.com\/index.php\/wp-json\/wp\/v2\/users\/1"}],"replies":[{"embeddable":true,"href":"https:\/\/clinicadecancerologians.com\/index.php\/wp-json\/wp\/v2\/comments?post=25"}],"version-history":[{"count":3,"href":"https:\/\/clinicadecancerologians.com\/index.php\/wp-json\/wp\/v2\/pages\/25\/revisions"}],"predecessor-version":[{"id":1034,"href":"https:\/\/clinicadecancerologians.com\/index.php\/wp-json\/wp\/v2\/pages\/25\/revisions\/1034"}],"up":[{"embeddable":true,"href":"https:\/\/clinicadecancerologians.com\/index.php\/wp-json\/wp\/v2\/pages\/15"}],"wp:attachment":[{"href":"https:\/\/clinicadecancerologians.com\/index.php\/wp-json\/wp\/v2\/media?parent=25"}],"curies":[{"name":"wp","href":"https:\/\/api.w.org\/{rel}","templated":true}]}}