{"id":28,"date":"2017-03-04T17:39:21","date_gmt":"2017-03-04T17:39:21","guid":{"rendered":"https:\/\/clinicadecancerologians.com\/?page_id=28"},"modified":"2025-09-03T13:49:38","modified_gmt":"2025-09-03T13:49:38","slug":"principios-corporativos","status":"publish","type":"page","link":"https:\/\/clinicadecancerologians.com\/index.php\/nosotros\/principios-corporativos\/","title":{"rendered":"Principios Corporativos"},"content":{"rendered":"<p><strong><em><u>PRINCIPIOS CORPORATIVOS <\/u><\/em><\/strong><\/p>\n<p>En La Cl\u00ednica de Cancerolog\u00eda del Norte de Santander S.A.S, se destacan los siguientes valores:<\/p>\n<ul>\n<li>Seriedad, Veracidad y Justicia.<\/li>\n<li>Respeto a las personas y a sus Derechos Fundamentales.<\/li>\n<li>Sentido de Pertenencia y Responsabilidad.<\/li>\n<li>Manejo \u00c9tico y Humano en las Actividades M\u00e9dicas.<\/li>\n<li>Competitividad en base a la satisfacci\u00f3n total de los usuarios.<\/li>\n<li>Trabajo en equipo.<\/li>\n<\/ul>\n\n\n<p><\/p>\n","protected":false},"excerpt":{"rendered":"<p>PRINCIPIOS CORPORATIVOS En La Cl\u00ednica de Cancerolog\u00eda del Norte de Santander S.A.S, se destacan los siguientes valores: Seriedad, Veracidad y Justicia. Respeto a las personas y a sus Derechos Fundamentales. Sentido de Pertenencia y Responsabilidad. Manejo \u00c9tico y Humano en las Actividades M\u00e9dicas. Competitividad en base a la satisfacci\u00f3n total<a class=\"moretag\" href=\"https:\/\/clinicadecancerologians.com\/index.php\/nosotros\/principios-corporativos\/\"> Leer m\u00e1s<\/a><\/p>\n","protected":false},"author":1,"featured_media":0,"parent":15,"menu_order":0,"comment_status":"closed","ping_status":"closed","template":"","meta":{"footnotes":""},"class_list":["post-28","page","type-page","status-publish","hentry"],"yoast_head":"<!-- This site is optimized with the Yoast SEO plugin v27.4 - https:\/\/yoast.com\/product\/yoast-seo-wordpress\/ -->\n<title>Principios Corporativos - Clinica de Cancerologia del Norte de Santander<\/title>\n<meta name=\"robots\" content=\"index, follow, max-snippet:-1, max-image-preview:large, max-video-preview:-1\" \/>\n<link rel=\"canonical\" href=\"https:\/\/clinicadecancerologians.com\/index.php\/nosotros\/principios-corporativos\/\" \/>\n<meta property=\"og:locale\" content=\"es_ES\" \/>\n<meta property=\"og:type\" content=\"article\" \/>\n<meta property=\"og:title\" content=\"Principios Corporativos - Clinica de Cancerologia del Norte de Santander\" \/>\n<meta property=\"og:description\" content=\"PRINCIPIOS CORPORATIVOS En La Cl\u00ednica de Cancerolog\u00eda del Norte de Santander S.A.S, se destacan los siguientes valores: Seriedad, Veracidad y Justicia. Respeto a las personas y a sus Derechos Fundamentales. Sentido de Pertenencia y Responsabilidad. Manejo \u00c9tico y Humano en las Actividades M\u00e9dicas. Competitividad en base a la satisfacci\u00f3n total Leer m\u00e1s\" \/>\n<meta property=\"og:url\" content=\"https:\/\/clinicadecancerologians.com\/index.php\/nosotros\/principios-corporativos\/\" \/>\n<meta property=\"og:site_name\" content=\"Clinica de Cancerologia del Norte de Santander\" \/>\n<meta property=\"article:publisher\" content=\"https:\/\/www.facebook.com\/profile.php?id=100068487632832\" \/>\n<meta property=\"article:modified_time\" content=\"2025-09-03T13:49:38+00:00\" \/>\n<meta name=\"twitter:card\" content=\"summary_large_image\" \/>\n<meta name=\"twitter:label1\" content=\"Tiempo de lectura\" \/>\n\t<meta name=\"twitter:data1\" content=\"1 minuto\" \/>\n<script type=\"application\/ld+json\" class=\"yoast-schema-graph\">{\"@context\":\"https:\\\/\\\/schema.org\",\"@graph\":[{\"@type\":\"WebPage\",\"@id\":\"https:\\\/\\\/clinicadecancerologians.com\\\/index.php\\\/nosotros\\\/principios-corporativos\\\/\",\"url\":\"https:\\\/\\\/clinicadecancerologians.com\\\/index.php\\\/nosotros\\\/principios-corporativos\\\/\",\"name\":\"Principios Corporativos - Clinica de Cancerologia del Norte de Santander\",\"isPartOf\":{\"@id\":\"https:\\\/\\\/clinicadecancerologians.com\\\/#website\"},\"datePublished\":\"2017-03-04T17:39:21+00:00\",\"dateModified\":\"2025-09-03T13:49:38+00:00\",\"breadcrumb\":{\"@id\":\"https:\\\/\\\/clinicadecancerologians.com\\\/index.php\\\/nosotros\\\/principios-corporativos\\\/#breadcrumb\"},\"inLanguage\":\"es\",\"potentialAction\":[{\"@type\":\"ReadAction\",\"target\":[\"https:\\\/\\\/clinicadecancerologians.com\\\/index.php\\\/nosotros\\\/principios-corporativos\\\/\"]}]},{\"@type\":\"BreadcrumbList\",\"@id\":\"https:\\\/\\\/clinicadecancerologians.com\\\/index.php\\\/nosotros\\\/principios-corporativos\\\/#breadcrumb\",\"itemListElement\":[{\"@type\":\"ListItem\",\"position\":1,\"name\":\"Portada\",\"item\":\"https:\\\/\\\/clinicadecancerologians.com\\\/\"},{\"@type\":\"ListItem\",\"position\":2,\"name\":\"Nosotros\",\"item\":\"https:\\\/\\\/clinicadecancerologians.com\\\/index.php\\\/nosotros\\\/\"},{\"@type\":\"ListItem\",\"position\":3,\"name\":\"Principios Corporativos\"}]},{\"@type\":\"WebSite\",\"@id\":\"https:\\\/\\\/clinicadecancerologians.com\\\/#website\",\"url\":\"https:\\\/\\\/clinicadecancerologians.com\\\/\",\"name\":\"Clinica de Cancerologia del Norte de Santander\",\"description\":\"En Busca De una Mejor Calidad de Vida\",\"publisher\":{\"@id\":\"https:\\\/\\\/clinicadecancerologians.com\\\/#organization\"},\"potentialAction\":[{\"@type\":\"SearchAction\",\"target\":{\"@type\":\"EntryPoint\",\"urlTemplate\":\"https:\\\/\\\/clinicadecancerologians.com\\\/?s={search_term_string}\"},\"query-input\":{\"@type\":\"PropertyValueSpecification\",\"valueRequired\":true,\"valueName\":\"search_term_string\"}}],\"inLanguage\":\"es\"},{\"@type\":\"Organization\",\"@id\":\"https:\\\/\\\/clinicadecancerologians.com\\\/#organization\",\"name\":\"Clinica de Cancerologia del Norte de Santander\",\"url\":\"https:\\\/\\\/clinicadecancerologians.com\\\/\",\"logo\":{\"@type\":\"ImageObject\",\"inLanguage\":\"es\",\"@id\":\"https:\\\/\\\/clinicadecancerologians.com\\\/#\\\/schema\\\/logo\\\/image\\\/\",\"url\":\"https:\\\/\\\/clinicadecancerologians.com\\\/wp-content\\\/uploads\\\/2019\\\/04\\\/CANCEROLOGIA2.png\",\"contentUrl\":\"https:\\\/\\\/clinicadecancerologians.com\\\/wp-content\\\/uploads\\\/2019\\\/04\\\/CANCEROLOGIA2.png\",\"width\":394,\"height\":215,\"caption\":\"Clinica de Cancerologia del Norte de Santander\"},\"image\":{\"@id\":\"https:\\\/\\\/clinicadecancerologians.com\\\/#\\\/schema\\\/logo\\\/image\\\/\"},\"sameAs\":[\"https:\\\/\\\/www.facebook.com\\\/profile.php?id=100068487632832\"]}]}<\/script>\n<!-- \/ Yoast SEO plugin. -->","yoast_head_json":{"title":"Principios Corporativos - Clinica de Cancerologia del Norte de Santander","robots":{"index":"index","follow":"follow","max-snippet":"max-snippet:-1","max-image-preview":"max-image-preview:large","max-video-preview":"max-video-preview:-1"},"canonical":"https:\/\/clinicadecancerologians.com\/index.php\/nosotros\/principios-corporativos\/","og_locale":"es_ES","og_type":"article","og_title":"Principios Corporativos - Clinica de Cancerologia del Norte de Santander","og_description":"PRINCIPIOS CORPORATIVOS En La Cl\u00ednica de Cancerolog\u00eda del Norte de Santander S.A.S, se destacan los siguientes valores: Seriedad, Veracidad y Justicia. Respeto a las personas y a sus Derechos Fundamentales. Sentido de Pertenencia y Responsabilidad. Manejo \u00c9tico y Humano en las Actividades M\u00e9dicas. Competitividad en base a la satisfacci\u00f3n total Leer m\u00e1s","og_url":"https:\/\/clinicadecancerologians.com\/index.php\/nosotros\/principios-corporativos\/","og_site_name":"Clinica de Cancerologia del Norte de Santander","article_publisher":"https:\/\/www.facebook.com\/profile.php?id=100068487632832","article_modified_time":"2025-09-03T13:49:38+00:00","twitter_card":"summary_large_image","twitter_misc":{"Tiempo de lectura":"1 minuto"},"schema":{"@context":"https:\/\/schema.org","@graph":[{"@type":"WebPage","@id":"https:\/\/clinicadecancerologians.com\/index.php\/nosotros\/principios-corporativos\/","url":"https:\/\/clinicadecancerologians.com\/index.php\/nosotros\/principios-corporativos\/","name":"Principios Corporativos - Clinica de Cancerologia del Norte de Santander","isPartOf":{"@id":"https:\/\/clinicadecancerologians.com\/#website"},"datePublished":"2017-03-04T17:39:21+00:00","dateModified":"2025-09-03T13:49:38+00:00","breadcrumb":{"@id":"https:\/\/clinicadecancerologians.com\/index.php\/nosotros\/principios-corporativos\/#breadcrumb"},"inLanguage":"es","potentialAction":[{"@type":"ReadAction","target":["https:\/\/clinicadecancerologians.com\/index.php\/nosotros\/principios-corporativos\/"]}]},{"@type":"BreadcrumbList","@id":"https:\/\/clinicadecancerologians.com\/index.php\/nosotros\/principios-corporativos\/#breadcrumb","itemListElement":[{"@type":"ListItem","position":1,"name":"Portada","item":"https:\/\/clinicadecancerologians.com\/"},{"@type":"ListItem","position":2,"name":"Nosotros","item":"https:\/\/clinicadecancerologians.com\/index.php\/nosotros\/"},{"@type":"ListItem","position":3,"name":"Principios Corporativos"}]},{"@type":"WebSite","@id":"https:\/\/clinicadecancerologians.com\/#website","url":"https:\/\/clinicadecancerologians.com\/","name":"Clinica de Cancerologia del Norte de Santander","description":"En Busca De una Mejor Calidad de Vida","publisher":{"@id":"https:\/\/clinicadecancerologians.com\/#organization"},"potentialAction":[{"@type":"SearchAction","target":{"@type":"EntryPoint","urlTemplate":"https:\/\/clinicadecancerologians.com\/?s={search_term_string}"},"query-input":{"@type":"PropertyValueSpecification","valueRequired":true,"valueName":"search_term_string"}}],"inLanguage":"es"},{"@type":"Organization","@id":"https:\/\/clinicadecancerologians.com\/#organization","name":"Clinica de Cancerologia del Norte de Santander","url":"https:\/\/clinicadecancerologians.com\/","logo":{"@type":"ImageObject","inLanguage":"es","@id":"https:\/\/clinicadecancerologians.com\/#\/schema\/logo\/image\/","url":"https:\/\/clinicadecancerologians.com\/wp-content\/uploads\/2019\/04\/CANCEROLOGIA2.png","contentUrl":"https:\/\/clinicadecancerologians.com\/wp-content\/uploads\/2019\/04\/CANCEROLOGIA2.png","width":394,"height":215,"caption":"Clinica de Cancerologia del Norte de Santander"},"image":{"@id":"https:\/\/clinicadecancerologians.com\/#\/schema\/logo\/image\/"},"sameAs":["https:\/\/www.facebook.com\/profile.php?id=100068487632832"]}]}},"_links":{"self":[{"href":"https:\/\/clinicadecancerologians.com\/index.php\/wp-json\/wp\/v2\/pages\/28","targetHints":{"allow":["GET"]}}],"collection":[{"href":"https:\/\/clinicadecancerologians.com\/index.php\/wp-json\/wp\/v2\/pages"}],"about":[{"href":"https:\/\/clinicadecancerologians.com\/index.php\/wp-json\/wp\/v2\/types\/page"}],"author":[{"embeddable":true,"href":"https:\/\/clinicadecancerologians.com\/index.php\/wp-json\/wp\/v2\/users\/1"}],"replies":[{"embeddable":true,"href":"https:\/\/clinicadecancerologians.com\/index.php\/wp-json\/wp\/v2\/comments?post=28"}],"version-history":[{"count":3,"href":"https:\/\/clinicadecancerologians.com\/index.php\/wp-json\/wp\/v2\/pages\/28\/revisions"}],"predecessor-version":[{"id":1035,"href":"https:\/\/clinicadecancerologians.com\/index.php\/wp-json\/wp\/v2\/pages\/28\/revisions\/1035"}],"up":[{"embeddable":true,"href":"https:\/\/clinicadecancerologians.com\/index.php\/wp-json\/wp\/v2\/pages\/15"}],"wp:attachment":[{"href":"https:\/\/clinicadecancerologians.com\/index.php\/wp-json\/wp\/v2\/media?parent=28"}],"curies":[{"name":"wp","href":"https:\/\/api.w.org\/{rel}","templated":true}]}}