{"id":31,"date":"2017-03-04T17:40:32","date_gmt":"2017-03-04T17:40:32","guid":{"rendered":"https:\/\/clinicadecancerologians.com\/?page_id=31"},"modified":"2019-04-03T05:16:17","modified_gmt":"2019-04-03T05:16:17","slug":"politicas-de-calidad","status":"publish","type":"page","link":"https:\/\/clinicadecancerologians.com\/index.php\/nosotros\/politicas-de-calidad\/","title":{"rendered":"Politicas de Calidad"},"content":{"rendered":"<p><strong><em><u>POLITICA DE CALIDAD<\/u><\/em><\/strong><\/p>\n<ol>\n<li>Garantizar de manera oportuna la atenci\u00f3n.<\/li>\n<li>Prestar servicios Oncol\u00f3gicos con eficiencia y eficacia para bienestar de la comunidad.<\/li>\n<li>Aportar lo mejor del personal profesional y t\u00e9cnico para la recuperaci\u00f3n y bienestar de los pacientes.<\/li>\n<li>Mantener una relaci\u00f3n constante con los pacientes, enfocados al valor humano que cada persona tiene para la Cl\u00ednica.<\/li>\n<li>Construir un ambiente de confianza para beneficio de todos.<\/li>\n<\/ol>\n<p>Capacitaci\u00f3n y actualizaci\u00f3n del personal m\u00e9dico adscrito en los \u00faltimos avances para el\u00a0 tratamiento de enfermedades neopl\u00e1sicas.<\/p>\n","protected":false},"excerpt":{"rendered":"<p>POLITICA DE CALIDAD Garantizar de manera oportuna la atenci\u00f3n. Prestar servicios Oncol\u00f3gicos con eficiencia y eficacia para bienestar de la comunidad. Aportar lo mejor del personal profesional y t\u00e9cnico para la recuperaci\u00f3n y bienestar de los pacientes. Mantener una relaci\u00f3n constante con los pacientes, enfocados al valor humano que cada<a class=\"moretag\" href=\"https:\/\/clinicadecancerologians.com\/index.php\/nosotros\/politicas-de-calidad\/\"> Leer m\u00e1s<\/a><\/p>\n","protected":false},"author":1,"featured_media":0,"parent":15,"menu_order":0,"comment_status":"closed","ping_status":"closed","template":"","meta":{"footnotes":""},"class_list":["post-31","page","type-page","status-publish","hentry"],"yoast_head":"<!-- This site is optimized with the Yoast SEO plugin v27.4 - https:\/\/yoast.com\/product\/yoast-seo-wordpress\/ -->\n<title>Politicas de Calidad - Clinica de Cancerologia del Norte de Santander<\/title>\n<meta name=\"robots\" content=\"index, follow, max-snippet:-1, max-image-preview:large, max-video-preview:-1\" \/>\n<link rel=\"canonical\" href=\"https:\/\/clinicadecancerologians.com\/index.php\/nosotros\/politicas-de-calidad\/\" \/>\n<meta property=\"og:locale\" content=\"es_ES\" \/>\n<meta property=\"og:type\" content=\"article\" \/>\n<meta property=\"og:title\" content=\"Politicas de Calidad - Clinica de Cancerologia del Norte de Santander\" \/>\n<meta property=\"og:description\" content=\"POLITICA DE CALIDAD Garantizar de manera oportuna la atenci\u00f3n. Prestar servicios Oncol\u00f3gicos con eficiencia y eficacia para bienestar de la comunidad. Aportar lo mejor del personal profesional y t\u00e9cnico para la recuperaci\u00f3n y bienestar de los pacientes. Mantener una relaci\u00f3n constante con los pacientes, enfocados al valor humano que cada Leer m\u00e1s\" \/>\n<meta property=\"og:url\" content=\"https:\/\/clinicadecancerologians.com\/index.php\/nosotros\/politicas-de-calidad\/\" \/>\n<meta property=\"og:site_name\" content=\"Clinica de Cancerologia del Norte de Santander\" \/>\n<meta property=\"article:publisher\" content=\"https:\/\/www.facebook.com\/profile.php?id=100068487632832\" \/>\n<meta property=\"article:modified_time\" content=\"2019-04-03T05:16:17+00:00\" \/>\n<meta name=\"twitter:card\" content=\"summary_large_image\" \/>\n<script type=\"application\/ld+json\" class=\"yoast-schema-graph\">{\"@context\":\"https:\\\/\\\/schema.org\",\"@graph\":[{\"@type\":\"WebPage\",\"@id\":\"https:\\\/\\\/clinicadecancerologians.com\\\/index.php\\\/nosotros\\\/politicas-de-calidad\\\/\",\"url\":\"https:\\\/\\\/clinicadecancerologians.com\\\/index.php\\\/nosotros\\\/politicas-de-calidad\\\/\",\"name\":\"Politicas de Calidad - Clinica de Cancerologia del Norte de Santander\",\"isPartOf\":{\"@id\":\"https:\\\/\\\/clinicadecancerologians.com\\\/#website\"},\"datePublished\":\"2017-03-04T17:40:32+00:00\",\"dateModified\":\"2019-04-03T05:16:17+00:00\",\"breadcrumb\":{\"@id\":\"https:\\\/\\\/clinicadecancerologians.com\\\/index.php\\\/nosotros\\\/politicas-de-calidad\\\/#breadcrumb\"},\"inLanguage\":\"es\",\"potentialAction\":[{\"@type\":\"ReadAction\",\"target\":[\"https:\\\/\\\/clinicadecancerologians.com\\\/index.php\\\/nosotros\\\/politicas-de-calidad\\\/\"]}]},{\"@type\":\"BreadcrumbList\",\"@id\":\"https:\\\/\\\/clinicadecancerologians.com\\\/index.php\\\/nosotros\\\/politicas-de-calidad\\\/#breadcrumb\",\"itemListElement\":[{\"@type\":\"ListItem\",\"position\":1,\"name\":\"Portada\",\"item\":\"https:\\\/\\\/clinicadecancerologians.com\\\/\"},{\"@type\":\"ListItem\",\"position\":2,\"name\":\"Nosotros\",\"item\":\"https:\\\/\\\/clinicadecancerologians.com\\\/index.php\\\/nosotros\\\/\"},{\"@type\":\"ListItem\",\"position\":3,\"name\":\"Politicas de Calidad\"}]},{\"@type\":\"WebSite\",\"@id\":\"https:\\\/\\\/clinicadecancerologians.com\\\/#website\",\"url\":\"https:\\\/\\\/clinicadecancerologians.com\\\/\",\"name\":\"Clinica de Cancerologia del Norte de Santander\",\"description\":\"En Busca De una Mejor Calidad de Vida\",\"publisher\":{\"@id\":\"https:\\\/\\\/clinicadecancerologians.com\\\/#organization\"},\"potentialAction\":[{\"@type\":\"SearchAction\",\"target\":{\"@type\":\"EntryPoint\",\"urlTemplate\":\"https:\\\/\\\/clinicadecancerologians.com\\\/?s={search_term_string}\"},\"query-input\":{\"@type\":\"PropertyValueSpecification\",\"valueRequired\":true,\"valueName\":\"search_term_string\"}}],\"inLanguage\":\"es\"},{\"@type\":\"Organization\",\"@id\":\"https:\\\/\\\/clinicadecancerologians.com\\\/#organization\",\"name\":\"Clinica de Cancerologia del Norte de Santander\",\"url\":\"https:\\\/\\\/clinicadecancerologians.com\\\/\",\"logo\":{\"@type\":\"ImageObject\",\"inLanguage\":\"es\",\"@id\":\"https:\\\/\\\/clinicadecancerologians.com\\\/#\\\/schema\\\/logo\\\/image\\\/\",\"url\":\"https:\\\/\\\/clinicadecancerologians.com\\\/wp-content\\\/uploads\\\/2019\\\/04\\\/CANCEROLOGIA2.png\",\"contentUrl\":\"https:\\\/\\\/clinicadecancerologians.com\\\/wp-content\\\/uploads\\\/2019\\\/04\\\/CANCEROLOGIA2.png\",\"width\":394,\"height\":215,\"caption\":\"Clinica de Cancerologia del Norte de Santander\"},\"image\":{\"@id\":\"https:\\\/\\\/clinicadecancerologians.com\\\/#\\\/schema\\\/logo\\\/image\\\/\"},\"sameAs\":[\"https:\\\/\\\/www.facebook.com\\\/profile.php?id=100068487632832\"]}]}<\/script>\n<!-- \/ Yoast SEO plugin. -->","yoast_head_json":{"title":"Politicas de Calidad - Clinica de Cancerologia del Norte de Santander","robots":{"index":"index","follow":"follow","max-snippet":"max-snippet:-1","max-image-preview":"max-image-preview:large","max-video-preview":"max-video-preview:-1"},"canonical":"https:\/\/clinicadecancerologians.com\/index.php\/nosotros\/politicas-de-calidad\/","og_locale":"es_ES","og_type":"article","og_title":"Politicas de Calidad - Clinica de Cancerologia del Norte de Santander","og_description":"POLITICA DE CALIDAD Garantizar de manera oportuna la atenci\u00f3n. Prestar servicios Oncol\u00f3gicos con eficiencia y eficacia para bienestar de la comunidad. Aportar lo mejor del personal profesional y t\u00e9cnico para la recuperaci\u00f3n y bienestar de los pacientes. Mantener una relaci\u00f3n constante con los pacientes, enfocados al valor humano que cada Leer m\u00e1s","og_url":"https:\/\/clinicadecancerologians.com\/index.php\/nosotros\/politicas-de-calidad\/","og_site_name":"Clinica de Cancerologia del Norte de Santander","article_publisher":"https:\/\/www.facebook.com\/profile.php?id=100068487632832","article_modified_time":"2019-04-03T05:16:17+00:00","twitter_card":"summary_large_image","schema":{"@context":"https:\/\/schema.org","@graph":[{"@type":"WebPage","@id":"https:\/\/clinicadecancerologians.com\/index.php\/nosotros\/politicas-de-calidad\/","url":"https:\/\/clinicadecancerologians.com\/index.php\/nosotros\/politicas-de-calidad\/","name":"Politicas de Calidad - Clinica de Cancerologia del Norte de Santander","isPartOf":{"@id":"https:\/\/clinicadecancerologians.com\/#website"},"datePublished":"2017-03-04T17:40:32+00:00","dateModified":"2019-04-03T05:16:17+00:00","breadcrumb":{"@id":"https:\/\/clinicadecancerologians.com\/index.php\/nosotros\/politicas-de-calidad\/#breadcrumb"},"inLanguage":"es","potentialAction":[{"@type":"ReadAction","target":["https:\/\/clinicadecancerologians.com\/index.php\/nosotros\/politicas-de-calidad\/"]}]},{"@type":"BreadcrumbList","@id":"https:\/\/clinicadecancerologians.com\/index.php\/nosotros\/politicas-de-calidad\/#breadcrumb","itemListElement":[{"@type":"ListItem","position":1,"name":"Portada","item":"https:\/\/clinicadecancerologians.com\/"},{"@type":"ListItem","position":2,"name":"Nosotros","item":"https:\/\/clinicadecancerologians.com\/index.php\/nosotros\/"},{"@type":"ListItem","position":3,"name":"Politicas de Calidad"}]},{"@type":"WebSite","@id":"https:\/\/clinicadecancerologians.com\/#website","url":"https:\/\/clinicadecancerologians.com\/","name":"Clinica de Cancerologia del Norte de Santander","description":"En Busca De una Mejor Calidad de Vida","publisher":{"@id":"https:\/\/clinicadecancerologians.com\/#organization"},"potentialAction":[{"@type":"SearchAction","target":{"@type":"EntryPoint","urlTemplate":"https:\/\/clinicadecancerologians.com\/?s={search_term_string}"},"query-input":{"@type":"PropertyValueSpecification","valueRequired":true,"valueName":"search_term_string"}}],"inLanguage":"es"},{"@type":"Organization","@id":"https:\/\/clinicadecancerologians.com\/#organization","name":"Clinica de Cancerologia del Norte de Santander","url":"https:\/\/clinicadecancerologians.com\/","logo":{"@type":"ImageObject","inLanguage":"es","@id":"https:\/\/clinicadecancerologians.com\/#\/schema\/logo\/image\/","url":"https:\/\/clinicadecancerologians.com\/wp-content\/uploads\/2019\/04\/CANCEROLOGIA2.png","contentUrl":"https:\/\/clinicadecancerologians.com\/wp-content\/uploads\/2019\/04\/CANCEROLOGIA2.png","width":394,"height":215,"caption":"Clinica de Cancerologia del Norte de Santander"},"image":{"@id":"https:\/\/clinicadecancerologians.com\/#\/schema\/logo\/image\/"},"sameAs":["https:\/\/www.facebook.com\/profile.php?id=100068487632832"]}]}},"_links":{"self":[{"href":"https:\/\/clinicadecancerologians.com\/index.php\/wp-json\/wp\/v2\/pages\/31","targetHints":{"allow":["GET"]}}],"collection":[{"href":"https:\/\/clinicadecancerologians.com\/index.php\/wp-json\/wp\/v2\/pages"}],"about":[{"href":"https:\/\/clinicadecancerologians.com\/index.php\/wp-json\/wp\/v2\/types\/page"}],"author":[{"embeddable":true,"href":"https:\/\/clinicadecancerologians.com\/index.php\/wp-json\/wp\/v2\/users\/1"}],"replies":[{"embeddable":true,"href":"https:\/\/clinicadecancerologians.com\/index.php\/wp-json\/wp\/v2\/comments?post=31"}],"version-history":[{"count":2,"href":"https:\/\/clinicadecancerologians.com\/index.php\/wp-json\/wp\/v2\/pages\/31\/revisions"}],"predecessor-version":[{"id":213,"href":"https:\/\/clinicadecancerologians.com\/index.php\/wp-json\/wp\/v2\/pages\/31\/revisions\/213"}],"up":[{"embeddable":true,"href":"https:\/\/clinicadecancerologians.com\/index.php\/wp-json\/wp\/v2\/pages\/15"}],"wp:attachment":[{"href":"https:\/\/clinicadecancerologians.com\/index.php\/wp-json\/wp\/v2\/media?parent=31"}],"curies":[{"name":"wp","href":"https:\/\/api.w.org\/{rel}","templated":true}]}}