{"id":37,"date":"2017-03-04T17:44:08","date_gmt":"2017-03-04T17:44:08","guid":{"rendered":"https:\/\/clinicadecancerologians.com\/?page_id=37"},"modified":"2024-04-16T14:35:34","modified_gmt":"2024-04-16T14:35:34","slug":"consulta-especializada-en-oncologia","status":"publish","type":"page","link":"https:\/\/clinicadecancerologians.com\/index.php\/servicios-prestados\/consulta-especializada-en-oncologia\/","title":{"rendered":"Consulta Medica Especializada"},"content":{"rendered":"<p style=\"text-align: left;\"><img loading=\"lazy\" decoding=\"async\" class=\"wp-image-221 aligncenter\" src=\"https:\/\/clinicadecancerologians.com\/wp-content\/uploads\/2019\/04\/IMG_1220-300x225.jpg\" alt=\"\" width=\"430\" height=\"323\" srcset=\"https:\/\/clinicadecancerologians.com\/wp-content\/uploads\/2019\/04\/IMG_1220-300x225.jpg 300w, https:\/\/clinicadecancerologians.com\/wp-content\/uploads\/2019\/04\/IMG_1220-768x576.jpg 768w, https:\/\/clinicadecancerologians.com\/wp-content\/uploads\/2019\/04\/IMG_1220-1024x768.jpg 1024w, https:\/\/clinicadecancerologians.com\/wp-content\/uploads\/2019\/04\/IMG_1220-285x214.jpg 285w, https:\/\/clinicadecancerologians.com\/wp-content\/uploads\/2019\/04\/IMG_1220.jpg 1600w\" sizes=\"auto, (max-width: 430px) 100vw, 430px\" \/><\/p>\n<p style=\"text-align: left;\">La Cl\u00ednica de Cancerolog\u00eda cuenta con 6 consultorios adecuadamente dotados y los m\u00e9dicos mejor calificados para brindar servicios especializados y subespecializados con atenci\u00f3n humanizada y de calidad en:<\/p>\n<ul>\n<li><strong>Oncolog\u00eda Cl\u00ednica Adultos<\/strong><\/li>\n<li><strong>Hematolog\u00eda Adultos<\/strong><\/li>\n<li><strong>Oncolog\u00eda y hematolog\u00eda Pedi\u00e1trica<\/strong><\/li>\n<\/ul>\n","protected":false},"excerpt":{"rendered":"<p>La Cl\u00ednica de Cancerolog\u00eda cuenta con 6 consultorios adecuadamente dotados y los m\u00e9dicos mejor calificados para brindar servicios especializados y subespecializados con atenci\u00f3n humanizada y de calidad en: Oncolog\u00eda Cl\u00ednica Adultos Hematolog\u00eda Adultos Oncolog\u00eda y hematolog\u00eda Pedi\u00e1trica<\/p>\n","protected":false},"author":1,"featured_media":0,"parent":35,"menu_order":0,"comment_status":"closed","ping_status":"closed","template":"","meta":{"footnotes":""},"class_list":["post-37","page","type-page","status-publish","hentry"],"yoast_head":"<!-- This site is optimized with the Yoast SEO plugin v27.4 - https:\/\/yoast.com\/product\/yoast-seo-wordpress\/ -->\n<title>Consulta Medica Especializada - Clinica de Cancerologia del Norte de Santander<\/title>\n<meta name=\"robots\" content=\"index, follow, max-snippet:-1, max-image-preview:large, max-video-preview:-1\" \/>\n<link rel=\"canonical\" href=\"https:\/\/clinicadecancerologians.com\/index.php\/servicios-prestados\/consulta-especializada-en-oncologia\/\" \/>\n<meta property=\"og:locale\" content=\"es_ES\" \/>\n<meta property=\"og:type\" content=\"article\" \/>\n<meta property=\"og:title\" content=\"Consulta Medica Especializada - Clinica de Cancerologia del Norte de Santander\" \/>\n<meta property=\"og:description\" content=\"La Cl\u00ednica de Cancerolog\u00eda cuenta con 6 consultorios adecuadamente dotados y los m\u00e9dicos mejor calificados para brindar servicios especializados y subespecializados con atenci\u00f3n humanizada y de calidad en: Oncolog\u00eda Cl\u00ednica Adultos Hematolog\u00eda Adultos Oncolog\u00eda y hematolog\u00eda Pedi\u00e1trica\" \/>\n<meta property=\"og:url\" content=\"https:\/\/clinicadecancerologians.com\/index.php\/servicios-prestados\/consulta-especializada-en-oncologia\/\" \/>\n<meta property=\"og:site_name\" content=\"Clinica de Cancerologia del Norte de Santander\" \/>\n<meta property=\"article:publisher\" content=\"https:\/\/www.facebook.com\/profile.php?id=100068487632832\" \/>\n<meta property=\"article:modified_time\" content=\"2024-04-16T14:35:34+00:00\" \/>\n<meta property=\"og:image\" content=\"https:\/\/clinicadecancerologians.com\/wp-content\/uploads\/2019\/04\/IMG_1220-300x225.jpg\" \/>\n<meta name=\"twitter:card\" content=\"summary_large_image\" \/>\n<meta name=\"twitter:label1\" content=\"Tiempo de lectura\" \/>\n\t<meta name=\"twitter:data1\" content=\"1 minuto\" \/>\n<script type=\"application\/ld+json\" class=\"yoast-schema-graph\">{\"@context\":\"https:\\\/\\\/schema.org\",\"@graph\":[{\"@type\":\"WebPage\",\"@id\":\"https:\\\/\\\/clinicadecancerologians.com\\\/index.php\\\/servicios-prestados\\\/consulta-especializada-en-oncologia\\\/\",\"url\":\"https:\\\/\\\/clinicadecancerologians.com\\\/index.php\\\/servicios-prestados\\\/consulta-especializada-en-oncologia\\\/\",\"name\":\"Consulta Medica Especializada - Clinica de Cancerologia del Norte de Santander\",\"isPartOf\":{\"@id\":\"https:\\\/\\\/clinicadecancerologians.com\\\/#website\"},\"primaryImageOfPage\":{\"@id\":\"https:\\\/\\\/clinicadecancerologians.com\\\/index.php\\\/servicios-prestados\\\/consulta-especializada-en-oncologia\\\/#primaryimage\"},\"image\":{\"@id\":\"https:\\\/\\\/clinicadecancerologians.com\\\/index.php\\\/servicios-prestados\\\/consulta-especializada-en-oncologia\\\/#primaryimage\"},\"thumbnailUrl\":\"https:\\\/\\\/clinicadecancerologians.com\\\/wp-content\\\/uploads\\\/2019\\\/04\\\/IMG_1220-300x225.jpg\",\"datePublished\":\"2017-03-04T17:44:08+00:00\",\"dateModified\":\"2024-04-16T14:35:34+00:00\",\"breadcrumb\":{\"@id\":\"https:\\\/\\\/clinicadecancerologians.com\\\/index.php\\\/servicios-prestados\\\/consulta-especializada-en-oncologia\\\/#breadcrumb\"},\"inLanguage\":\"es\",\"potentialAction\":[{\"@type\":\"ReadAction\",\"target\":[\"https:\\\/\\\/clinicadecancerologians.com\\\/index.php\\\/servicios-prestados\\\/consulta-especializada-en-oncologia\\\/\"]}]},{\"@type\":\"ImageObject\",\"inLanguage\":\"es\",\"@id\":\"https:\\\/\\\/clinicadecancerologians.com\\\/index.php\\\/servicios-prestados\\\/consulta-especializada-en-oncologia\\\/#primaryimage\",\"url\":\"https:\\\/\\\/clinicadecancerologians.com\\\/wp-content\\\/uploads\\\/2019\\\/04\\\/IMG_1220.jpg\",\"contentUrl\":\"https:\\\/\\\/clinicadecancerologians.com\\\/wp-content\\\/uploads\\\/2019\\\/04\\\/IMG_1220.jpg\",\"width\":1600,\"height\":1200},{\"@type\":\"BreadcrumbList\",\"@id\":\"https:\\\/\\\/clinicadecancerologians.com\\\/index.php\\\/servicios-prestados\\\/consulta-especializada-en-oncologia\\\/#breadcrumb\",\"itemListElement\":[{\"@type\":\"ListItem\",\"position\":1,\"name\":\"Portada\",\"item\":\"https:\\\/\\\/clinicadecancerologians.com\\\/\"},{\"@type\":\"ListItem\",\"position\":2,\"name\":\"Atenci\u00f3n y Servicios a la Ciudadan\u00eda\",\"item\":\"https:\\\/\\\/clinicadecancerologians.com\\\/index.php\\\/servicios-prestados\\\/\"},{\"@type\":\"ListItem\",\"position\":3,\"name\":\"Consulta Medica Especializada\"}]},{\"@type\":\"WebSite\",\"@id\":\"https:\\\/\\\/clinicadecancerologians.com\\\/#website\",\"url\":\"https:\\\/\\\/clinicadecancerologians.com\\\/\",\"name\":\"Clinica de Cancerologia del Norte de Santander\",\"description\":\"En Busca De una Mejor Calidad de Vida\",\"publisher\":{\"@id\":\"https:\\\/\\\/clinicadecancerologians.com\\\/#organization\"},\"potentialAction\":[{\"@type\":\"SearchAction\",\"target\":{\"@type\":\"EntryPoint\",\"urlTemplate\":\"https:\\\/\\\/clinicadecancerologians.com\\\/?s={search_term_string}\"},\"query-input\":{\"@type\":\"PropertyValueSpecification\",\"valueRequired\":true,\"valueName\":\"search_term_string\"}}],\"inLanguage\":\"es\"},{\"@type\":\"Organization\",\"@id\":\"https:\\\/\\\/clinicadecancerologians.com\\\/#organization\",\"name\":\"Clinica de Cancerologia del Norte de Santander\",\"url\":\"https:\\\/\\\/clinicadecancerologians.com\\\/\",\"logo\":{\"@type\":\"ImageObject\",\"inLanguage\":\"es\",\"@id\":\"https:\\\/\\\/clinicadecancerologians.com\\\/#\\\/schema\\\/logo\\\/image\\\/\",\"url\":\"https:\\\/\\\/clinicadecancerologians.com\\\/wp-content\\\/uploads\\\/2019\\\/04\\\/CANCEROLOGIA2.png\",\"contentUrl\":\"https:\\\/\\\/clinicadecancerologians.com\\\/wp-content\\\/uploads\\\/2019\\\/04\\\/CANCEROLOGIA2.png\",\"width\":394,\"height\":215,\"caption\":\"Clinica de Cancerologia del Norte de Santander\"},\"image\":{\"@id\":\"https:\\\/\\\/clinicadecancerologians.com\\\/#\\\/schema\\\/logo\\\/image\\\/\"},\"sameAs\":[\"https:\\\/\\\/www.facebook.com\\\/profile.php?id=100068487632832\"]}]}<\/script>\n<!-- \/ Yoast SEO plugin. -->","yoast_head_json":{"title":"Consulta Medica Especializada - Clinica de Cancerologia del Norte de Santander","robots":{"index":"index","follow":"follow","max-snippet":"max-snippet:-1","max-image-preview":"max-image-preview:large","max-video-preview":"max-video-preview:-1"},"canonical":"https:\/\/clinicadecancerologians.com\/index.php\/servicios-prestados\/consulta-especializada-en-oncologia\/","og_locale":"es_ES","og_type":"article","og_title":"Consulta Medica Especializada - Clinica de Cancerologia del Norte de Santander","og_description":"La Cl\u00ednica de Cancerolog\u00eda cuenta con 6 consultorios adecuadamente dotados y los m\u00e9dicos mejor calificados para brindar servicios especializados y subespecializados con atenci\u00f3n humanizada y de calidad en: Oncolog\u00eda Cl\u00ednica Adultos Hematolog\u00eda Adultos Oncolog\u00eda y hematolog\u00eda Pedi\u00e1trica","og_url":"https:\/\/clinicadecancerologians.com\/index.php\/servicios-prestados\/consulta-especializada-en-oncologia\/","og_site_name":"Clinica de Cancerologia del Norte de Santander","article_publisher":"https:\/\/www.facebook.com\/profile.php?id=100068487632832","article_modified_time":"2024-04-16T14:35:34+00:00","og_image":[{"url":"https:\/\/clinicadecancerologians.com\/wp-content\/uploads\/2019\/04\/IMG_1220-300x225.jpg","type":"","width":"","height":""}],"twitter_card":"summary_large_image","twitter_misc":{"Tiempo de lectura":"1 minuto"},"schema":{"@context":"https:\/\/schema.org","@graph":[{"@type":"WebPage","@id":"https:\/\/clinicadecancerologians.com\/index.php\/servicios-prestados\/consulta-especializada-en-oncologia\/","url":"https:\/\/clinicadecancerologians.com\/index.php\/servicios-prestados\/consulta-especializada-en-oncologia\/","name":"Consulta Medica Especializada - Clinica de Cancerologia del Norte de Santander","isPartOf":{"@id":"https:\/\/clinicadecancerologians.com\/#website"},"primaryImageOfPage":{"@id":"https:\/\/clinicadecancerologians.com\/index.php\/servicios-prestados\/consulta-especializada-en-oncologia\/#primaryimage"},"image":{"@id":"https:\/\/clinicadecancerologians.com\/index.php\/servicios-prestados\/consulta-especializada-en-oncologia\/#primaryimage"},"thumbnailUrl":"https:\/\/clinicadecancerologians.com\/wp-content\/uploads\/2019\/04\/IMG_1220-300x225.jpg","datePublished":"2017-03-04T17:44:08+00:00","dateModified":"2024-04-16T14:35:34+00:00","breadcrumb":{"@id":"https:\/\/clinicadecancerologians.com\/index.php\/servicios-prestados\/consulta-especializada-en-oncologia\/#breadcrumb"},"inLanguage":"es","potentialAction":[{"@type":"ReadAction","target":["https:\/\/clinicadecancerologians.com\/index.php\/servicios-prestados\/consulta-especializada-en-oncologia\/"]}]},{"@type":"ImageObject","inLanguage":"es","@id":"https:\/\/clinicadecancerologians.com\/index.php\/servicios-prestados\/consulta-especializada-en-oncologia\/#primaryimage","url":"https:\/\/clinicadecancerologians.com\/wp-content\/uploads\/2019\/04\/IMG_1220.jpg","contentUrl":"https:\/\/clinicadecancerologians.com\/wp-content\/uploads\/2019\/04\/IMG_1220.jpg","width":1600,"height":1200},{"@type":"BreadcrumbList","@id":"https:\/\/clinicadecancerologians.com\/index.php\/servicios-prestados\/consulta-especializada-en-oncologia\/#breadcrumb","itemListElement":[{"@type":"ListItem","position":1,"name":"Portada","item":"https:\/\/clinicadecancerologians.com\/"},{"@type":"ListItem","position":2,"name":"Atenci\u00f3n y Servicios a la Ciudadan\u00eda","item":"https:\/\/clinicadecancerologians.com\/index.php\/servicios-prestados\/"},{"@type":"ListItem","position":3,"name":"Consulta Medica Especializada"}]},{"@type":"WebSite","@id":"https:\/\/clinicadecancerologians.com\/#website","url":"https:\/\/clinicadecancerologians.com\/","name":"Clinica de Cancerologia del Norte de Santander","description":"En Busca De una Mejor Calidad de Vida","publisher":{"@id":"https:\/\/clinicadecancerologians.com\/#organization"},"potentialAction":[{"@type":"SearchAction","target":{"@type":"EntryPoint","urlTemplate":"https:\/\/clinicadecancerologians.com\/?s={search_term_string}"},"query-input":{"@type":"PropertyValueSpecification","valueRequired":true,"valueName":"search_term_string"}}],"inLanguage":"es"},{"@type":"Organization","@id":"https:\/\/clinicadecancerologians.com\/#organization","name":"Clinica de Cancerologia del Norte de Santander","url":"https:\/\/clinicadecancerologians.com\/","logo":{"@type":"ImageObject","inLanguage":"es","@id":"https:\/\/clinicadecancerologians.com\/#\/schema\/logo\/image\/","url":"https:\/\/clinicadecancerologians.com\/wp-content\/uploads\/2019\/04\/CANCEROLOGIA2.png","contentUrl":"https:\/\/clinicadecancerologians.com\/wp-content\/uploads\/2019\/04\/CANCEROLOGIA2.png","width":394,"height":215,"caption":"Clinica de Cancerologia del Norte de Santander"},"image":{"@id":"https:\/\/clinicadecancerologians.com\/#\/schema\/logo\/image\/"},"sameAs":["https:\/\/www.facebook.com\/profile.php?id=100068487632832"]}]}},"_links":{"self":[{"href":"https:\/\/clinicadecancerologians.com\/index.php\/wp-json\/wp\/v2\/pages\/37","targetHints":{"allow":["GET"]}}],"collection":[{"href":"https:\/\/clinicadecancerologians.com\/index.php\/wp-json\/wp\/v2\/pages"}],"about":[{"href":"https:\/\/clinicadecancerologians.com\/index.php\/wp-json\/wp\/v2\/types\/page"}],"author":[{"embeddable":true,"href":"https:\/\/clinicadecancerologians.com\/index.php\/wp-json\/wp\/v2\/users\/1"}],"replies":[{"embeddable":true,"href":"https:\/\/clinicadecancerologians.com\/index.php\/wp-json\/wp\/v2\/comments?post=37"}],"version-history":[{"count":4,"href":"https:\/\/clinicadecancerologians.com\/index.php\/wp-json\/wp\/v2\/pages\/37\/revisions"}],"predecessor-version":[{"id":825,"href":"https:\/\/clinicadecancerologians.com\/index.php\/wp-json\/wp\/v2\/pages\/37\/revisions\/825"}],"up":[{"embeddable":true,"href":"https:\/\/clinicadecancerologians.com\/index.php\/wp-json\/wp\/v2\/pages\/35"}],"wp:attachment":[{"href":"https:\/\/clinicadecancerologians.com\/index.php\/wp-json\/wp\/v2\/media?parent=37"}],"curies":[{"name":"wp","href":"https:\/\/api.w.org\/{rel}","templated":true}]}}