{"id":452,"date":"2022-02-28T22:54:35","date_gmt":"2022-02-28T22:54:35","guid":{"rendered":"https:\/\/www.clinicadecancerologiadelnortedesantander.com\/?page_id=452"},"modified":"2024-04-16T23:10:35","modified_gmt":"2024-04-16T23:10:35","slug":"reporte-politica-participacion-social-en-salud","status":"publish","type":"page","link":"https:\/\/clinicadecancerologians.com\/index.php\/servicios-prestados\/reporte-politica-participacion-social-en-salud\/","title":{"rendered":"Pol\u00edtica de Participaci\u00f3n Social en Salud (PPSS)"},"content":{"rendered":"\n<figure class=\"wp-block-image size-large\"><img loading=\"lazy\" decoding=\"async\" width=\"1024\" height=\"768\" src=\"https:\/\/clinicadecancerologians.com\/wp-content\/uploads\/2024\/04\/PP-1024x768.png\" alt=\"\" class=\"wp-image-884\" style=\"aspect-ratio:16\/9;object-fit:cover\" srcset=\"https:\/\/clinicadecancerologians.com\/wp-content\/uploads\/2024\/04\/PP-1024x768.png 1024w, https:\/\/clinicadecancerologians.com\/wp-content\/uploads\/2024\/04\/PP-300x225.png 300w, https:\/\/clinicadecancerologians.com\/wp-content\/uploads\/2024\/04\/PP-768x576.png 768w, https:\/\/clinicadecancerologians.com\/wp-content\/uploads\/2024\/04\/PP-285x214.png 285w, https:\/\/clinicadecancerologians.com\/wp-content\/uploads\/2024\/04\/PP.png 1280w\" sizes=\"auto, (max-width: 1024px) 100vw, 1024px\" \/><\/figure>\n\n\n\n<div style=\"height:21px\" aria-hidden=\"true\" class=\"wp-block-spacer\"><\/div>\n\n\n\n<p class=\"has-text-align-left justificar\"><span lang=\"EN-US\" style=\"font-family:&quot;Tahoma&quot;,sans-serif;mso-ansi-language:EN-US\">Es<\/span> <span lang=\"EN-US\" style=\"font-family:&quot;Tahoma&quot;,sans-serif;mso-ansi-language:EN-US\">un acuerdo entre el estado y la ciudadan\u00eda para resolver problem\u00e1ticas o necesidades especificas. Para el caso problem\u00e1ticas o necesidades de participaci\u00f3n en salud.<\/span><\/p>\n\n\n\n<div style=\"height:14px\" aria-hidden=\"true\" class=\"wp-block-spacer\"><\/div>\n\n\n\n<h2 class=\"wp-block-heading\"><strong>Normatividad<\/strong><\/h2>\n\n\n\n<p>Ley 1438 \/2011<br>Ley Estatutaria 1751 \/2015<br>Resoluci\u00f3n 2063 \/2017<br>Incorporado 780 \/2016<br>Ley 1751 de 2015<\/p>\n\n\n\n<div style=\"height:14px\" aria-hidden=\"true\" class=\"wp-block-spacer\"><\/div>\n\n\n\n<h2 class=\"wp-block-heading\"><strong>Objetivo<\/strong><\/h2>\n\n\n\n<p class=\"justificar\">Estado garantizar el derecho a la participaci\u00f3n social en salud y su fortalecimiento.<br><br>Ciudadan\u00eda la apropiaci\u00f3n de mecanismos y condiciones para ejercer la participaci\u00f3n con decisi\u00f3n para el cumplimiento del derecho a la salud.<\/p>\n\n\n\n<div style=\"height:27px\" aria-hidden=\"true\" class=\"wp-block-spacer\"><\/div>\n\n\n\n<figure class=\"wp-block-image size-full\"><img loading=\"lazy\" decoding=\"async\" width=\"784\" height=\"453\" src=\"https:\/\/clinicadecancerologians.com\/wp-content\/uploads\/2024\/04\/jj.png\" alt=\"\" class=\"wp-image-886\" style=\"aspect-ratio:16\/9;object-fit:cover\" srcset=\"https:\/\/clinicadecancerologians.com\/wp-content\/uploads\/2024\/04\/jj.png 784w, https:\/\/clinicadecancerologians.com\/wp-content\/uploads\/2024\/04\/jj-300x173.png 300w, https:\/\/clinicadecancerologians.com\/wp-content\/uploads\/2024\/04\/jj-768x444.png 768w\" sizes=\"auto, (max-width: 784px) 100vw, 784px\" \/><\/figure>\n\n\n\n<div style=\"height:27px\" aria-hidden=\"true\" class=\"wp-block-spacer\"><\/div>\n\n\n\n<p>EJE 1 &#8211; Fortalecimiento institucional para la garant\u00eda del derecho a la participaci\u00f3n.<br><br>EJE 2- Empoderamiento de la ciudadan\u00eda y las organizaciones sociales en salud.<br><br>EJE 3- Impulso a la cultura de la salud.<br><br>EJE 4- Fortalecimiento del Control Social.<br><br>EJE5- Gesti\u00f3n y garant\u00eda en salud con participaci\u00f3n en procesos de decisi\u00f3n.<\/p>\n\n\n\n<div style=\"height:9px\" aria-hidden=\"true\" class=\"wp-block-spacer\"><\/div>\n\n\n\n<p><strong>SOPORTES CAPACITACION USUARIOS CLINICA 2021:<\/strong><br><a href=\"https:\/\/clinicadecancerologians.com\/wp-content\/uploads\/2022\/02\/SOPORTES-CAPACITACION-USUARIOS-CLINICA-2021.pdf\">h<\/a><a href=\"https:\/\/clinicadecancerologians.com\/wp-content\/uploads\/2022\/02\/SOPORTES-CAPACITACION-USUARIOS-CLINICA-2021.pdf\" target=\"_blank\" rel=\"noreferrer noopener\">ttps:\/\/www.clinicadecancerologiadelnortedesantander.com\/wp-content\/uploads\/2022\/02\/SOPORTES-CAPACITACION-USUARIOS-CLINICA-2021.pdf<\/a><\/p>\n\n\n\n<p><strong>SOPORTE EDUCACION USUARIOS CLINICA:<\/strong><br><a href=\"https:\/\/clinicadecancerologians.com\/wp-content\/uploads\/2022\/02\/CONTRATO-AUX-ADMTIVO-2022.pdf\" target=\"_blank\" rel=\"noreferrer noopener\">https:\/\/clinicadecancerologians.com\/wp-content\/uploads\/2022\/02\/SOPORTE-EDUCACION-USUARIOS-CLINICA.pdf<\/a><\/p>\n\n\n\n<p><strong>CRONOGRAMA CAPACITACION SIAU 2021:<\/strong><br><a href=\"https:\/\/clinicadecancerologians.com\/wp-content\/uploads\/2022\/02\/SOPORTE-EDUCACION-RADIO-2.pdf\" target=\"_blank\" rel=\"noreferrer noopener\">https:\/\/clinicadecancerologians.com\/wp-content\/uploads\/2022\/02\/CRONOGRAMA-CAPACITACION-SIAU-2021.pdf<\/a><br><\/p>\n\n\n\n<p><strong>INFORMACION EDUCATIVA PAGINA WEB:<\/strong><br><a href=\"https:\/\/clinicadecancerologians.com\/wp-content\/uploads\/2022\/02\/INFORMACION-EDUCATIVA-PAGINA-WEB.pdf\">https:\/\/clinicadecancerologians.com\/wp-content\/uploads\/2022\/02\/INFORMACION-EDUCATIVA-PAGINA-WEB.pdf<\/a><\/p>\n\n\n\n<p><strong>CONTRATO AUX ADMTIVO CLINICA:<\/strong><br><a href=\"https:\/\/clinicadecancerologians.com\/wp-content\/uploads\/2022\/02\/CONTRATO-AUX-ADMTIVO-CLINICA.pdf\" target=\"_blank\" rel=\"noreferrer noopener\">https:\/\/clinicadecancerologians.com\/wp-content\/uploads\/2022\/02\/CONTRATO-AUX-ADMTIVO-CLINICA.pdf<\/a><\/p>\n\n\n\n<p><strong>CANALES DE ACCESO DE LOS USUARIOS PAG WEB:<\/strong><br><a href=\"https:\/\/clinicadecancerologians.com\/wp-content\/uploads\/2022\/02\/CANALES-DE-ACCESO-DE-LOS-USUARIOS-PAG-WEB.pdf\" target=\"_blank\" rel=\"noreferrer noopener\">https:\/\/clinicadecancerologians.com\/wp-content\/uploads\/2022\/02\/CANALES-DE-ACCESO-DE-LOS-USUARIOS-PAG-WEB.pdf<\/a><\/p>\n","protected":false},"excerpt":{"rendered":"<p>Es un acuerdo entre el estado y la ciudadan\u00eda para resolver problem\u00e1ticas o necesidades especificas. Para el caso problem\u00e1ticas o necesidades de participaci\u00f3n en salud. Normatividad Ley 1438 \/2011Ley Estatutaria 1751 \/2015Resoluci\u00f3n 2063 \/2017Incorporado 780 \/2016Ley 1751 de 2015 Objetivo Estado garantizar el derecho a la participaci\u00f3n social en salud<a class=\"moretag\" href=\"https:\/\/clinicadecancerologians.com\/index.php\/servicios-prestados\/reporte-politica-participacion-social-en-salud\/\"> Leer m\u00e1s<\/a><\/p>\n","protected":false},"author":1,"featured_media":0,"parent":35,"menu_order":0,"comment_status":"closed","ping_status":"closed","template":"","meta":{"footnotes":""},"class_list":["post-452","page","type-page","status-publish","hentry"],"yoast_head":"<!-- This site is optimized with the Yoast SEO plugin v27.4 - https:\/\/yoast.com\/product\/yoast-seo-wordpress\/ -->\n<title>Pol\u00edtica de Participaci\u00f3n Social en Salud (PPSS) - Clinica de Cancerologia del Norte de Santander<\/title>\n<meta name=\"robots\" content=\"index, follow, max-snippet:-1, max-image-preview:large, max-video-preview:-1\" \/>\n<link rel=\"canonical\" href=\"https:\/\/clinicadecancerologians.com\/index.php\/servicios-prestados\/reporte-politica-participacion-social-en-salud\/\" \/>\n<meta property=\"og:locale\" content=\"es_ES\" \/>\n<meta property=\"og:type\" content=\"article\" \/>\n<meta property=\"og:title\" content=\"Pol\u00edtica de Participaci\u00f3n Social en Salud (PPSS) - Clinica de Cancerologia del Norte de Santander\" \/>\n<meta property=\"og:description\" content=\"Es un acuerdo entre el estado y la ciudadan\u00eda para resolver problem\u00e1ticas o necesidades especificas. Para el caso problem\u00e1ticas o necesidades de participaci\u00f3n en salud. Normatividad Ley 1438 \/2011Ley Estatutaria 1751 \/2015Resoluci\u00f3n 2063 \/2017Incorporado 780 \/2016Ley 1751 de 2015 Objetivo Estado garantizar el derecho a la participaci\u00f3n social en salud Leer m\u00e1s\" \/>\n<meta property=\"og:url\" content=\"https:\/\/clinicadecancerologians.com\/index.php\/servicios-prestados\/reporte-politica-participacion-social-en-salud\/\" \/>\n<meta property=\"og:site_name\" content=\"Clinica de Cancerologia del Norte de Santander\" \/>\n<meta property=\"article:publisher\" content=\"https:\/\/www.facebook.com\/profile.php?id=100068487632832\" \/>\n<meta property=\"article:modified_time\" content=\"2024-04-16T23:10:35+00:00\" \/>\n<meta property=\"og:image\" content=\"https:\/\/clinicadecancerologians.com\/wp-content\/uploads\/2024\/04\/PP-1024x768.png\" \/>\n<meta name=\"twitter:card\" content=\"summary_large_image\" \/>\n<meta name=\"twitter:label1\" content=\"Tiempo de lectura\" \/>\n\t<meta name=\"twitter:data1\" content=\"2 minutos\" \/>\n<script type=\"application\/ld+json\" class=\"yoast-schema-graph\">{\"@context\":\"https:\\\/\\\/schema.org\",\"@graph\":[{\"@type\":\"WebPage\",\"@id\":\"https:\\\/\\\/clinicadecancerologians.com\\\/index.php\\\/servicios-prestados\\\/reporte-politica-participacion-social-en-salud\\\/\",\"url\":\"https:\\\/\\\/clinicadecancerologians.com\\\/index.php\\\/servicios-prestados\\\/reporte-politica-participacion-social-en-salud\\\/\",\"name\":\"Pol\u00edtica de Participaci\u00f3n Social en Salud (PPSS) - Clinica de Cancerologia del Norte de Santander\",\"isPartOf\":{\"@id\":\"https:\\\/\\\/clinicadecancerologians.com\\\/#website\"},\"primaryImageOfPage\":{\"@id\":\"https:\\\/\\\/clinicadecancerologians.com\\\/index.php\\\/servicios-prestados\\\/reporte-politica-participacion-social-en-salud\\\/#primaryimage\"},\"image\":{\"@id\":\"https:\\\/\\\/clinicadecancerologians.com\\\/index.php\\\/servicios-prestados\\\/reporte-politica-participacion-social-en-salud\\\/#primaryimage\"},\"thumbnailUrl\":\"https:\\\/\\\/clinicadecancerologians.com\\\/wp-content\\\/uploads\\\/2024\\\/04\\\/PP-1024x768.png\",\"datePublished\":\"2022-02-28T22:54:35+00:00\",\"dateModified\":\"2024-04-16T23:10:35+00:00\",\"breadcrumb\":{\"@id\":\"https:\\\/\\\/clinicadecancerologians.com\\\/index.php\\\/servicios-prestados\\\/reporte-politica-participacion-social-en-salud\\\/#breadcrumb\"},\"inLanguage\":\"es\",\"potentialAction\":[{\"@type\":\"ReadAction\",\"target\":[\"https:\\\/\\\/clinicadecancerologians.com\\\/index.php\\\/servicios-prestados\\\/reporte-politica-participacion-social-en-salud\\\/\"]}]},{\"@type\":\"ImageObject\",\"inLanguage\":\"es\",\"@id\":\"https:\\\/\\\/clinicadecancerologians.com\\\/index.php\\\/servicios-prestados\\\/reporte-politica-participacion-social-en-salud\\\/#primaryimage\",\"url\":\"https:\\\/\\\/clinicadecancerologians.com\\\/wp-content\\\/uploads\\\/2024\\\/04\\\/PP.png\",\"contentUrl\":\"https:\\\/\\\/clinicadecancerologians.com\\\/wp-content\\\/uploads\\\/2024\\\/04\\\/PP.png\",\"width\":1280,\"height\":960},{\"@type\":\"BreadcrumbList\",\"@id\":\"https:\\\/\\\/clinicadecancerologians.com\\\/index.php\\\/servicios-prestados\\\/reporte-politica-participacion-social-en-salud\\\/#breadcrumb\",\"itemListElement\":[{\"@type\":\"ListItem\",\"position\":1,\"name\":\"Portada\",\"item\":\"https:\\\/\\\/clinicadecancerologians.com\\\/\"},{\"@type\":\"ListItem\",\"position\":2,\"name\":\"Atenci\u00f3n y Servicios a la Ciudadan\u00eda\",\"item\":\"https:\\\/\\\/clinicadecancerologians.com\\\/index.php\\\/servicios-prestados\\\/\"},{\"@type\":\"ListItem\",\"position\":3,\"name\":\"Pol\u00edtica de Participaci\u00f3n Social en Salud (PPSS)\"}]},{\"@type\":\"WebSite\",\"@id\":\"https:\\\/\\\/clinicadecancerologians.com\\\/#website\",\"url\":\"https:\\\/\\\/clinicadecancerologians.com\\\/\",\"name\":\"Clinica de Cancerologia del Norte de Santander\",\"description\":\"En Busca De una Mejor Calidad de Vida\",\"publisher\":{\"@id\":\"https:\\\/\\\/clinicadecancerologians.com\\\/#organization\"},\"potentialAction\":[{\"@type\":\"SearchAction\",\"target\":{\"@type\":\"EntryPoint\",\"urlTemplate\":\"https:\\\/\\\/clinicadecancerologians.com\\\/?s={search_term_string}\"},\"query-input\":{\"@type\":\"PropertyValueSpecification\",\"valueRequired\":true,\"valueName\":\"search_term_string\"}}],\"inLanguage\":\"es\"},{\"@type\":\"Organization\",\"@id\":\"https:\\\/\\\/clinicadecancerologians.com\\\/#organization\",\"name\":\"Clinica de Cancerologia del Norte de Santander\",\"url\":\"https:\\\/\\\/clinicadecancerologians.com\\\/\",\"logo\":{\"@type\":\"ImageObject\",\"inLanguage\":\"es\",\"@id\":\"https:\\\/\\\/clinicadecancerologians.com\\\/#\\\/schema\\\/logo\\\/image\\\/\",\"url\":\"https:\\\/\\\/clinicadecancerologians.com\\\/wp-content\\\/uploads\\\/2019\\\/04\\\/CANCEROLOGIA2.png\",\"contentUrl\":\"https:\\\/\\\/clinicadecancerologians.com\\\/wp-content\\\/uploads\\\/2019\\\/04\\\/CANCEROLOGIA2.png\",\"width\":394,\"height\":215,\"caption\":\"Clinica de Cancerologia del Norte de Santander\"},\"image\":{\"@id\":\"https:\\\/\\\/clinicadecancerologians.com\\\/#\\\/schema\\\/logo\\\/image\\\/\"},\"sameAs\":[\"https:\\\/\\\/www.facebook.com\\\/profile.php?id=100068487632832\"]}]}<\/script>\n<!-- \/ Yoast SEO plugin. -->","yoast_head_json":{"title":"Pol\u00edtica de Participaci\u00f3n Social en Salud (PPSS) - Clinica de Cancerologia del Norte de Santander","robots":{"index":"index","follow":"follow","max-snippet":"max-snippet:-1","max-image-preview":"max-image-preview:large","max-video-preview":"max-video-preview:-1"},"canonical":"https:\/\/clinicadecancerologians.com\/index.php\/servicios-prestados\/reporte-politica-participacion-social-en-salud\/","og_locale":"es_ES","og_type":"article","og_title":"Pol\u00edtica de Participaci\u00f3n Social en Salud (PPSS) - Clinica de Cancerologia del Norte de Santander","og_description":"Es un acuerdo entre el estado y la ciudadan\u00eda para resolver problem\u00e1ticas o necesidades especificas. Para el caso problem\u00e1ticas o necesidades de participaci\u00f3n en salud. Normatividad Ley 1438 \/2011Ley Estatutaria 1751 \/2015Resoluci\u00f3n 2063 \/2017Incorporado 780 \/2016Ley 1751 de 2015 Objetivo Estado garantizar el derecho a la participaci\u00f3n social en salud Leer m\u00e1s","og_url":"https:\/\/clinicadecancerologians.com\/index.php\/servicios-prestados\/reporte-politica-participacion-social-en-salud\/","og_site_name":"Clinica de Cancerologia del Norte de Santander","article_publisher":"https:\/\/www.facebook.com\/profile.php?id=100068487632832","article_modified_time":"2024-04-16T23:10:35+00:00","og_image":[{"url":"https:\/\/clinicadecancerologians.com\/wp-content\/uploads\/2024\/04\/PP-1024x768.png","type":"","width":"","height":""}],"twitter_card":"summary_large_image","twitter_misc":{"Tiempo de lectura":"2 minutos"},"schema":{"@context":"https:\/\/schema.org","@graph":[{"@type":"WebPage","@id":"https:\/\/clinicadecancerologians.com\/index.php\/servicios-prestados\/reporte-politica-participacion-social-en-salud\/","url":"https:\/\/clinicadecancerologians.com\/index.php\/servicios-prestados\/reporte-politica-participacion-social-en-salud\/","name":"Pol\u00edtica de Participaci\u00f3n Social en Salud (PPSS) - Clinica de Cancerologia del Norte de Santander","isPartOf":{"@id":"https:\/\/clinicadecancerologians.com\/#website"},"primaryImageOfPage":{"@id":"https:\/\/clinicadecancerologians.com\/index.php\/servicios-prestados\/reporte-politica-participacion-social-en-salud\/#primaryimage"},"image":{"@id":"https:\/\/clinicadecancerologians.com\/index.php\/servicios-prestados\/reporte-politica-participacion-social-en-salud\/#primaryimage"},"thumbnailUrl":"https:\/\/clinicadecancerologians.com\/wp-content\/uploads\/2024\/04\/PP-1024x768.png","datePublished":"2022-02-28T22:54:35+00:00","dateModified":"2024-04-16T23:10:35+00:00","breadcrumb":{"@id":"https:\/\/clinicadecancerologians.com\/index.php\/servicios-prestados\/reporte-politica-participacion-social-en-salud\/#breadcrumb"},"inLanguage":"es","potentialAction":[{"@type":"ReadAction","target":["https:\/\/clinicadecancerologians.com\/index.php\/servicios-prestados\/reporte-politica-participacion-social-en-salud\/"]}]},{"@type":"ImageObject","inLanguage":"es","@id":"https:\/\/clinicadecancerologians.com\/index.php\/servicios-prestados\/reporte-politica-participacion-social-en-salud\/#primaryimage","url":"https:\/\/clinicadecancerologians.com\/wp-content\/uploads\/2024\/04\/PP.png","contentUrl":"https:\/\/clinicadecancerologians.com\/wp-content\/uploads\/2024\/04\/PP.png","width":1280,"height":960},{"@type":"BreadcrumbList","@id":"https:\/\/clinicadecancerologians.com\/index.php\/servicios-prestados\/reporte-politica-participacion-social-en-salud\/#breadcrumb","itemListElement":[{"@type":"ListItem","position":1,"name":"Portada","item":"https:\/\/clinicadecancerologians.com\/"},{"@type":"ListItem","position":2,"name":"Atenci\u00f3n y Servicios a la Ciudadan\u00eda","item":"https:\/\/clinicadecancerologians.com\/index.php\/servicios-prestados\/"},{"@type":"ListItem","position":3,"name":"Pol\u00edtica de Participaci\u00f3n Social en Salud (PPSS)"}]},{"@type":"WebSite","@id":"https:\/\/clinicadecancerologians.com\/#website","url":"https:\/\/clinicadecancerologians.com\/","name":"Clinica de Cancerologia del Norte de Santander","description":"En Busca De una Mejor Calidad de Vida","publisher":{"@id":"https:\/\/clinicadecancerologians.com\/#organization"},"potentialAction":[{"@type":"SearchAction","target":{"@type":"EntryPoint","urlTemplate":"https:\/\/clinicadecancerologians.com\/?s={search_term_string}"},"query-input":{"@type":"PropertyValueSpecification","valueRequired":true,"valueName":"search_term_string"}}],"inLanguage":"es"},{"@type":"Organization","@id":"https:\/\/clinicadecancerologians.com\/#organization","name":"Clinica de Cancerologia del Norte de Santander","url":"https:\/\/clinicadecancerologians.com\/","logo":{"@type":"ImageObject","inLanguage":"es","@id":"https:\/\/clinicadecancerologians.com\/#\/schema\/logo\/image\/","url":"https:\/\/clinicadecancerologians.com\/wp-content\/uploads\/2019\/04\/CANCEROLOGIA2.png","contentUrl":"https:\/\/clinicadecancerologians.com\/wp-content\/uploads\/2019\/04\/CANCEROLOGIA2.png","width":394,"height":215,"caption":"Clinica de Cancerologia del Norte de Santander"},"image":{"@id":"https:\/\/clinicadecancerologians.com\/#\/schema\/logo\/image\/"},"sameAs":["https:\/\/www.facebook.com\/profile.php?id=100068487632832"]}]}},"_links":{"self":[{"href":"https:\/\/clinicadecancerologians.com\/index.php\/wp-json\/wp\/v2\/pages\/452","targetHints":{"allow":["GET"]}}],"collection":[{"href":"https:\/\/clinicadecancerologians.com\/index.php\/wp-json\/wp\/v2\/pages"}],"about":[{"href":"https:\/\/clinicadecancerologians.com\/index.php\/wp-json\/wp\/v2\/types\/page"}],"author":[{"embeddable":true,"href":"https:\/\/clinicadecancerologians.com\/index.php\/wp-json\/wp\/v2\/users\/1"}],"replies":[{"embeddable":true,"href":"https:\/\/clinicadecancerologians.com\/index.php\/wp-json\/wp\/v2\/comments?post=452"}],"version-history":[{"count":7,"href":"https:\/\/clinicadecancerologians.com\/index.php\/wp-json\/wp\/v2\/pages\/452\/revisions"}],"predecessor-version":[{"id":894,"href":"https:\/\/clinicadecancerologians.com\/index.php\/wp-json\/wp\/v2\/pages\/452\/revisions\/894"}],"up":[{"embeddable":true,"href":"https:\/\/clinicadecancerologians.com\/index.php\/wp-json\/wp\/v2\/pages\/35"}],"wp:attachment":[{"href":"https:\/\/clinicadecancerologians.com\/index.php\/wp-json\/wp\/v2\/media?parent=452"}],"curies":[{"name":"wp","href":"https:\/\/api.w.org\/{rel}","templated":true}]}}