{"id":848,"date":"2024-04-16T22:24:46","date_gmt":"2024-04-16T22:24:46","guid":{"rendered":"https:\/\/www.clinicadecancerologiadelnortedesantander.com\/?page_id=848"},"modified":"2024-04-16T22:46:00","modified_gmt":"2024-04-16T22:46:00","slug":"alianza-de-usuarios","status":"publish","type":"page","link":"https:\/\/clinicadecancerologians.com\/index.php\/servicios-prestados\/alianza-de-usuarios\/","title":{"rendered":"Alianzas o Asociaciones de Usuarios"},"content":{"rendered":"\n<figure class=\"wp-block-image size-large\"><img loading=\"lazy\" decoding=\"async\" width=\"1024\" height=\"768\" src=\"https:\/\/clinicadecancerologians.com\/wp-content\/uploads\/2024\/04\/ALIANZA-2-1024x768.png\" alt=\"\" class=\"wp-image-850\" srcset=\"https:\/\/clinicadecancerologians.com\/wp-content\/uploads\/2024\/04\/ALIANZA-2-1024x768.png 1024w, https:\/\/clinicadecancerologians.com\/wp-content\/uploads\/2024\/04\/ALIANZA-2-300x225.png 300w, https:\/\/clinicadecancerologians.com\/wp-content\/uploads\/2024\/04\/ALIANZA-2-768x576.png 768w, https:\/\/clinicadecancerologians.com\/wp-content\/uploads\/2024\/04\/ALIANZA-2-1536x1152.png 1536w, https:\/\/clinicadecancerologians.com\/wp-content\/uploads\/2024\/04\/ALIANZA-2.png 1600w\" sizes=\"auto, (max-width: 1024px) 100vw, 1024px\" \/><\/figure>\n\n\n\n<div style=\"height:45px\" aria-hidden=\"true\" class=\"wp-block-spacer\"><\/div>\n\n\n\n<p class=\"justificar\">De acuerdo con lo establecido por el Decreto 780 de 2016 las Alianzas de Usuarios se constituyen como una agrupaci\u00f3n de afiliados del r\u00e9gimen contributivo y subsidiado del Sistema General de Seguridad Social en Salud, que tienen derecho a utilizar los servicios de salud en una determinada entidad prestadora, de acuerdo con su sistema de afiliaci\u00f3n, con el prop\u00f3sito de velar por la calidad del servicio y la defensa del usuario.<\/p>\n\n\n\n<div style=\"height:18px\" aria-hidden=\"true\" class=\"wp-block-spacer\"><\/div>\n\n\n\n<h2 class=\"wp-block-heading\"><strong>\u00bfQuienes la conforman?<\/strong><\/h2>\n\n\n\n<p class=\"justificar\">La Alianza de Usuarios de las Entidades de servicios de salud Cl\u00ednica Cancerol\u00f3gica del Norte de Santander y Radio terapia del Norte estar\u00e1 conformada por las personas que tienen derecho a utilizar los servicios de salud en una determinada entidad aseguradora, de acuerdo con su sistema de PBS, que de manera libre y voluntaria manifiesten su inter\u00e9s de hacer parte de la Alianza y al momento de su afiliaci\u00f3n acrediten ser usuarios de la respectivas IPS, en sus diferentes puntos de atenci\u00f3n y en cualquier servicio o programa de salud.<\/p>\n\n\n\n<div style=\"height:18px\" aria-hidden=\"true\" class=\"wp-block-spacer\"><\/div>\n\n\n\n<h2 class=\"wp-block-heading\"><strong><strong>Duraci\u00f3n<\/strong><\/strong><\/h2>\n\n\n\n<p class=\"justificar\">La&nbsp;&nbsp; Alianza&nbsp;&nbsp; de&nbsp;&nbsp; Usuarios&nbsp;&nbsp; de&nbsp;&nbsp; las&nbsp;&nbsp; IPS Cl\u00ednica Cancerol\u00f3gica del Norte de Santander y Radio terapia del Norte por ser una organizaci\u00f3n social creada para velar por la calidad del servicio y la defensa del usuario, tendr\u00e1n una duraci\u00f3n indefinida a partir de la fecha del acta de constituci\u00f3n y subsistir\u00e1 mientras existan la IPS frente a la cual ejerce sus funciones y podr\u00e1 disolverse en cualquier tiempo por las causales y mediante los procedimientos que establezca la ley y los presentes estatutos.<\/p>\n\n\n\n<div style=\"height:18px\" aria-hidden=\"true\" class=\"wp-block-spacer\"><\/div>\n\n\n\n<h2 class=\"wp-block-heading\"><strong>\u00bfCu\u00e1l es el per\u00edodo de los representantes de las alianzas o asociaciones de usuarios?<\/strong><\/h2>\n\n\n\n<p>Dos (2) a\u00f1os.<\/p>\n\n\n\n<div style=\"height:18px\" aria-hidden=\"true\" class=\"wp-block-spacer\"><\/div>\n\n\n\n<h2 class=\"wp-block-heading\"><strong>Funciones de la asociaci\u00f3n de usuarios<\/strong><\/h2>\n\n\n\n<div style=\"height:18px\" aria-hidden=\"true\" class=\"wp-block-spacer\"><\/div>\n\n\n\n<p class=\"justificar\">De acuerdo a lo establecido en el art\u00edculo 14 del decreto 780 de 2016:<\/p>\n\n\n\n<p class=\"justificar\"><strong>1.<\/strong>Asesorar a sus asociados en la identificaci\u00f3n y acceso al paquete de servicios.<\/p>\n\n\n\n<p class=\"justificar\"><strong>2.<\/strong>Participar en las Juntas Directivas de las empresas Sociales del Estado ESE, As\u00ed como en el IDS para proponer y concertar las medidas necesarias para mantener y mejorar la calidad de los servicios y la atenci\u00f3n al usuario. En el caso de las privadas, se podr\u00e1 participar conforme a las disposiciones legales sobre la materia.<\/p>\n\n\n\n<p class=\"justificar\"><strong>3.<\/strong>Mantener canales de comunicaci\u00f3n con los afiliados para conocer sus inquietudes y demandas y hacer propuestas ante la junta directiva de la instituci\u00f3n prestataria de servicios de salud y las EAPB del municipio.<\/p>\n\n\n\n<p class=\"justificar\"><strong>4.<\/strong>Vigilar que las decisiones que se tomen en la junta directiva se apliquen seg\u00fan lo acordado.<\/p>\n\n\n\n<p class=\"justificar\"><strong>5.<\/strong>Informar a las instancias que corresponda, a las instituciones prestatarias y a las empresas promotoras de Salud, cuando la calidad del servicio prestado no satisface la necesidad de sus afiliados.<\/p>\n\n\n\n<p class=\"justificar\"><strong>6.<\/strong>Proponer a la junta directiva de los organismos o entidades de salud los d\u00edas y horarios de atenci\u00f3n al p\u00fablico, de acuerdo con las necesidades de la comunidad, seg\u00fan las normas de administraci\u00f3n de personal del respectivo organismo.<\/p>\n\n\n\n<p class=\"justificar\"><strong>7.<\/strong>Vigilar que las tarifas y cuotas de recuperaci\u00f3n se apliquen de acuerdo con lo que para tal efecto se establezca.<\/p>\n\n\n\n<p class=\"justificar\"><strong>8.<\/strong>Analizar las quejas que los usuarios presenten sobre las deficiencias de los servicios y vigilar que se tomen los correctivos del caso.<\/p>\n\n\n\n<p class=\"justificar\"><strong>9.<\/strong>Proponer las medidas que mejoren la oportunidad, la calidad t\u00e9cnica y humana de los servicios de salud, se preserven su menor costo y vigilar su cumplimiento.<\/p>\n\n\n\n<p class=\"justificar\"><strong>10.<\/strong>Ejercer veedur\u00edas en las instituciones del sector, mediante sus representantes ante las empresas promotoras de Salud y\/o ante las oficinas de atenci\u00f3n a la comunidad.<\/p>\n\n\n\n<p class=\"justificar\"><strong>11.<\/strong>Elegir democr\u00e1ticamente sus representantes ante la junta directiva de las empresas promotoras de salud y las instituciones prestatarias de servicios de car\u00e1cter hospitalario que corresponda por y entre sus asociados, para per\u00edodos m\u00e1ximos de dos (2) a\u00f1os.<\/p>\n\n\n\n<p class=\"justificar\"><strong>12.<\/strong>Elegir democr\u00e1ticamente sus representantes ante los comit\u00e9s de \u00e9tica hospitalaria y los comit\u00e9s de participaci\u00f3n comunitaria por per\u00edodos m\u00e1ximos de dos (2) a\u00f1os.<\/p>\n\n\n\n<p class=\"justificar\"><strong>13.<\/strong>Participar en el proceso de designaci\u00f3n del representante ante el Consejo Territorial de Seguridad Social en Salud conforme a lo dispuesto en las disposiciones legales sobre la materia.<\/p>\n\n\n\n<p class=\"justificar\"><strong>14.<\/strong>Participar en el proceso de designaci\u00f3n del representante ante el COPACO conforme a lo dispuesto en el decreto 780 de 2016.<\/p>\n\n\n\n<div style=\"height:18px\" aria-hidden=\"true\" class=\"wp-block-spacer\"><\/div>\n\n\n\n<h2 class=\"wp-block-heading\"><strong>Conformaci\u00f3n de la junta de la Alianza de Usuarios<\/strong><\/h2>\n\n\n\n<p class=\"justificar\">El&nbsp;22 de&nbsp;junio2023 en las instalaciones de la Clinica de cancerolog\u00eda del norte de Santander sede 1, se llev\u00f3 a cabo la asamblea para la elecci\u00f3n de la&nbsp;junta de la&nbsp;Alianza de Usuarios en atenci\u00f3n al Decreto. La junta de la Alianza de Usuarios, denominada ALIANZA DE USUARIOS CLINICA DE CANCEROLOGIA DEL NORTE DE SANTANDER, qued\u00f3 conformada de la siguiente manera:&nbsp;&nbsp; &nbsp; &nbsp;&nbsp;<\/p>\n\n\n\n<div style=\"height:18px\" aria-hidden=\"true\" class=\"wp-block-spacer\"><\/div>\n\n\n\n<h2 class=\"wp-block-heading\"><strong>Junta Directiva<\/strong><\/h2>\n\n\n\n<ul class=\"wp-block-list\">\n<li>Presidente:&nbsp; Manuel Dar\u00edo \u00c1lvarez Sandoval<\/li>\n\n\n\n<li>Vicepresidente:&nbsp;Luz Marina Gonzales de Blanco<\/li>\n\n\n\n<li>Secretario: Belcy Villamizar<\/li>\n\n\n\n<li>Fiscal: Emeterio Le\u00f3n Arias<\/li>\n\n\n\n<li>Vocales: Mar\u00eda Dalia<\/li>\n\n\n\n<li>Suplentes: Jes\u00fas Ramiro P\u00e9rez Laguado, Jhony Ram\u00edrez Estrada, Yusely Fernandez Rol\u00f3n, Luz Estela P\u00e9rez, Ad\u00edela Estupi\u00f1\u00e1n Garc\u00eda<\/li>\n<\/ul>\n\n\n\n<div style=\"height:18px\" aria-hidden=\"true\" class=\"wp-block-spacer\"><\/div>\n\n\n\n<p class=\"justificar\">Como garante del ejercicio democr\u00e1tico se cont\u00f3 con la presencia de la Dra. Yurley Valencia Valencia profesional del \u00e1rea de participaci\u00f3n&nbsp;social&nbsp;del&nbsp;Instituto Departamental de Salud, Daniela Alexandra Gomez Mojica Apoyo del \u00e1rea de participaci\u00f3n&nbsp;social&nbsp;del&nbsp;Instituto Departamental de Salud, Estefania Marquez Rigaud Apoyo del \u00e1rea de participaci\u00f3n&nbsp;social&nbsp;del&nbsp;Instituto Departamental de Salud.<\/p>\n","protected":false},"excerpt":{"rendered":"<p>De acuerdo con lo establecido por el Decreto 780 de 2016 las Alianzas de Usuarios se constituyen como una agrupaci\u00f3n de afiliados del r\u00e9gimen contributivo y subsidiado del Sistema General de Seguridad Social en Salud, que tienen derecho a utilizar los servicios de salud en una determinada entidad prestadora, de<a class=\"moretag\" href=\"https:\/\/clinicadecancerologians.com\/index.php\/servicios-prestados\/alianza-de-usuarios\/\"> Leer m\u00e1s<\/a><\/p>\n","protected":false},"author":1,"featured_media":0,"parent":35,"menu_order":0,"comment_status":"closed","ping_status":"closed","template":"","meta":{"footnotes":""},"class_list":["post-848","page","type-page","status-publish","hentry"],"yoast_head":"<!-- This site is optimized with the Yoast SEO plugin v27.4 - https:\/\/yoast.com\/product\/yoast-seo-wordpress\/ -->\n<title>Alianzas o Asociaciones de Usuarios - Clinica de Cancerologia del Norte de Santander<\/title>\n<meta name=\"robots\" content=\"index, follow, max-snippet:-1, max-image-preview:large, max-video-preview:-1\" \/>\n<link rel=\"canonical\" href=\"https:\/\/clinicadecancerologians.com\/index.php\/servicios-prestados\/alianza-de-usuarios\/\" \/>\n<meta property=\"og:locale\" content=\"es_ES\" \/>\n<meta property=\"og:type\" content=\"article\" \/>\n<meta property=\"og:title\" content=\"Alianzas o Asociaciones de Usuarios - Clinica de Cancerologia del Norte de Santander\" \/>\n<meta property=\"og:description\" content=\"De acuerdo con lo establecido por el Decreto 780 de 2016 las Alianzas de Usuarios se constituyen como una agrupaci\u00f3n de afiliados del r\u00e9gimen contributivo y subsidiado del Sistema General de Seguridad Social en Salud, que tienen derecho a utilizar los servicios de salud en una determinada entidad prestadora, de Leer m\u00e1s\" \/>\n<meta property=\"og:url\" content=\"https:\/\/clinicadecancerologians.com\/index.php\/servicios-prestados\/alianza-de-usuarios\/\" \/>\n<meta property=\"og:site_name\" content=\"Clinica de Cancerologia del Norte de Santander\" \/>\n<meta property=\"article:publisher\" content=\"https:\/\/www.facebook.com\/profile.php?id=100068487632832\" \/>\n<meta property=\"article:modified_time\" content=\"2024-04-16T22:46:00+00:00\" \/>\n<meta property=\"og:image\" content=\"https:\/\/clinicadecancerologians.com\/wp-content\/uploads\/2024\/04\/ALIANZA-2-1024x768.png\" \/>\n<meta name=\"twitter:card\" content=\"summary_large_image\" \/>\n<meta name=\"twitter:label1\" content=\"Tiempo de lectura\" \/>\n\t<meta name=\"twitter:data1\" content=\"5 minutos\" \/>\n<script type=\"application\/ld+json\" class=\"yoast-schema-graph\">{\"@context\":\"https:\\\/\\\/schema.org\",\"@graph\":[{\"@type\":\"WebPage\",\"@id\":\"https:\\\/\\\/clinicadecancerologians.com\\\/index.php\\\/servicios-prestados\\\/alianza-de-usuarios\\\/\",\"url\":\"https:\\\/\\\/clinicadecancerologians.com\\\/index.php\\\/servicios-prestados\\\/alianza-de-usuarios\\\/\",\"name\":\"Alianzas o Asociaciones de Usuarios - Clinica de Cancerologia del Norte de Santander\",\"isPartOf\":{\"@id\":\"https:\\\/\\\/clinicadecancerologians.com\\\/#website\"},\"primaryImageOfPage\":{\"@id\":\"https:\\\/\\\/clinicadecancerologians.com\\\/index.php\\\/servicios-prestados\\\/alianza-de-usuarios\\\/#primaryimage\"},\"image\":{\"@id\":\"https:\\\/\\\/clinicadecancerologians.com\\\/index.php\\\/servicios-prestados\\\/alianza-de-usuarios\\\/#primaryimage\"},\"thumbnailUrl\":\"https:\\\/\\\/clinicadecancerologians.com\\\/wp-content\\\/uploads\\\/2024\\\/04\\\/ALIANZA-2-1024x768.png\",\"datePublished\":\"2024-04-16T22:24:46+00:00\",\"dateModified\":\"2024-04-16T22:46:00+00:00\",\"breadcrumb\":{\"@id\":\"https:\\\/\\\/clinicadecancerologians.com\\\/index.php\\\/servicios-prestados\\\/alianza-de-usuarios\\\/#breadcrumb\"},\"inLanguage\":\"es\",\"potentialAction\":[{\"@type\":\"ReadAction\",\"target\":[\"https:\\\/\\\/clinicadecancerologians.com\\\/index.php\\\/servicios-prestados\\\/alianza-de-usuarios\\\/\"]}]},{\"@type\":\"ImageObject\",\"inLanguage\":\"es\",\"@id\":\"https:\\\/\\\/clinicadecancerologians.com\\\/index.php\\\/servicios-prestados\\\/alianza-de-usuarios\\\/#primaryimage\",\"url\":\"https:\\\/\\\/clinicadecancerologians.com\\\/wp-content\\\/uploads\\\/2024\\\/04\\\/ALIANZA-2.png\",\"contentUrl\":\"https:\\\/\\\/clinicadecancerologians.com\\\/wp-content\\\/uploads\\\/2024\\\/04\\\/ALIANZA-2.png\",\"width\":1600,\"height\":1200},{\"@type\":\"BreadcrumbList\",\"@id\":\"https:\\\/\\\/clinicadecancerologians.com\\\/index.php\\\/servicios-prestados\\\/alianza-de-usuarios\\\/#breadcrumb\",\"itemListElement\":[{\"@type\":\"ListItem\",\"position\":1,\"name\":\"Portada\",\"item\":\"https:\\\/\\\/clinicadecancerologians.com\\\/\"},{\"@type\":\"ListItem\",\"position\":2,\"name\":\"Atenci\u00f3n y Servicios a la Ciudadan\u00eda\",\"item\":\"https:\\\/\\\/clinicadecancerologians.com\\\/index.php\\\/servicios-prestados\\\/\"},{\"@type\":\"ListItem\",\"position\":3,\"name\":\"Alianzas o Asociaciones de Usuarios\"}]},{\"@type\":\"WebSite\",\"@id\":\"https:\\\/\\\/clinicadecancerologians.com\\\/#website\",\"url\":\"https:\\\/\\\/clinicadecancerologians.com\\\/\",\"name\":\"Clinica de Cancerologia del Norte de Santander\",\"description\":\"En Busca De una Mejor Calidad de Vida\",\"publisher\":{\"@id\":\"https:\\\/\\\/clinicadecancerologians.com\\\/#organization\"},\"potentialAction\":[{\"@type\":\"SearchAction\",\"target\":{\"@type\":\"EntryPoint\",\"urlTemplate\":\"https:\\\/\\\/clinicadecancerologians.com\\\/?s={search_term_string}\"},\"query-input\":{\"@type\":\"PropertyValueSpecification\",\"valueRequired\":true,\"valueName\":\"search_term_string\"}}],\"inLanguage\":\"es\"},{\"@type\":\"Organization\",\"@id\":\"https:\\\/\\\/clinicadecancerologians.com\\\/#organization\",\"name\":\"Clinica de Cancerologia del Norte de Santander\",\"url\":\"https:\\\/\\\/clinicadecancerologians.com\\\/\",\"logo\":{\"@type\":\"ImageObject\",\"inLanguage\":\"es\",\"@id\":\"https:\\\/\\\/clinicadecancerologians.com\\\/#\\\/schema\\\/logo\\\/image\\\/\",\"url\":\"https:\\\/\\\/clinicadecancerologians.com\\\/wp-content\\\/uploads\\\/2019\\\/04\\\/CANCEROLOGIA2.png\",\"contentUrl\":\"https:\\\/\\\/clinicadecancerologians.com\\\/wp-content\\\/uploads\\\/2019\\\/04\\\/CANCEROLOGIA2.png\",\"width\":394,\"height\":215,\"caption\":\"Clinica de Cancerologia del Norte de Santander\"},\"image\":{\"@id\":\"https:\\\/\\\/clinicadecancerologians.com\\\/#\\\/schema\\\/logo\\\/image\\\/\"},\"sameAs\":[\"https:\\\/\\\/www.facebook.com\\\/profile.php?id=100068487632832\"]}]}<\/script>\n<!-- \/ Yoast SEO plugin. -->","yoast_head_json":{"title":"Alianzas o Asociaciones de Usuarios - Clinica de Cancerologia del Norte de Santander","robots":{"index":"index","follow":"follow","max-snippet":"max-snippet:-1","max-image-preview":"max-image-preview:large","max-video-preview":"max-video-preview:-1"},"canonical":"https:\/\/clinicadecancerologians.com\/index.php\/servicios-prestados\/alianza-de-usuarios\/","og_locale":"es_ES","og_type":"article","og_title":"Alianzas o Asociaciones de Usuarios - Clinica de Cancerologia del Norte de Santander","og_description":"De acuerdo con lo establecido por el Decreto 780 de 2016 las Alianzas de Usuarios se constituyen como una agrupaci\u00f3n de afiliados del r\u00e9gimen contributivo y subsidiado del Sistema General de Seguridad Social en Salud, que tienen derecho a utilizar los servicios de salud en una determinada entidad prestadora, de Leer m\u00e1s","og_url":"https:\/\/clinicadecancerologians.com\/index.php\/servicios-prestados\/alianza-de-usuarios\/","og_site_name":"Clinica de Cancerologia del Norte de Santander","article_publisher":"https:\/\/www.facebook.com\/profile.php?id=100068487632832","article_modified_time":"2024-04-16T22:46:00+00:00","og_image":[{"url":"https:\/\/clinicadecancerologians.com\/wp-content\/uploads\/2024\/04\/ALIANZA-2-1024x768.png","type":"","width":"","height":""}],"twitter_card":"summary_large_image","twitter_misc":{"Tiempo de lectura":"5 minutos"},"schema":{"@context":"https:\/\/schema.org","@graph":[{"@type":"WebPage","@id":"https:\/\/clinicadecancerologians.com\/index.php\/servicios-prestados\/alianza-de-usuarios\/","url":"https:\/\/clinicadecancerologians.com\/index.php\/servicios-prestados\/alianza-de-usuarios\/","name":"Alianzas o Asociaciones de Usuarios - Clinica de Cancerologia del Norte de Santander","isPartOf":{"@id":"https:\/\/clinicadecancerologians.com\/#website"},"primaryImageOfPage":{"@id":"https:\/\/clinicadecancerologians.com\/index.php\/servicios-prestados\/alianza-de-usuarios\/#primaryimage"},"image":{"@id":"https:\/\/clinicadecancerologians.com\/index.php\/servicios-prestados\/alianza-de-usuarios\/#primaryimage"},"thumbnailUrl":"https:\/\/clinicadecancerologians.com\/wp-content\/uploads\/2024\/04\/ALIANZA-2-1024x768.png","datePublished":"2024-04-16T22:24:46+00:00","dateModified":"2024-04-16T22:46:00+00:00","breadcrumb":{"@id":"https:\/\/clinicadecancerologians.com\/index.php\/servicios-prestados\/alianza-de-usuarios\/#breadcrumb"},"inLanguage":"es","potentialAction":[{"@type":"ReadAction","target":["https:\/\/clinicadecancerologians.com\/index.php\/servicios-prestados\/alianza-de-usuarios\/"]}]},{"@type":"ImageObject","inLanguage":"es","@id":"https:\/\/clinicadecancerologians.com\/index.php\/servicios-prestados\/alianza-de-usuarios\/#primaryimage","url":"https:\/\/clinicadecancerologians.com\/wp-content\/uploads\/2024\/04\/ALIANZA-2.png","contentUrl":"https:\/\/clinicadecancerologians.com\/wp-content\/uploads\/2024\/04\/ALIANZA-2.png","width":1600,"height":1200},{"@type":"BreadcrumbList","@id":"https:\/\/clinicadecancerologians.com\/index.php\/servicios-prestados\/alianza-de-usuarios\/#breadcrumb","itemListElement":[{"@type":"ListItem","position":1,"name":"Portada","item":"https:\/\/clinicadecancerologians.com\/"},{"@type":"ListItem","position":2,"name":"Atenci\u00f3n y Servicios a la Ciudadan\u00eda","item":"https:\/\/clinicadecancerologians.com\/index.php\/servicios-prestados\/"},{"@type":"ListItem","position":3,"name":"Alianzas o Asociaciones de Usuarios"}]},{"@type":"WebSite","@id":"https:\/\/clinicadecancerologians.com\/#website","url":"https:\/\/clinicadecancerologians.com\/","name":"Clinica de Cancerologia del Norte de Santander","description":"En Busca De una Mejor Calidad de Vida","publisher":{"@id":"https:\/\/clinicadecancerologians.com\/#organization"},"potentialAction":[{"@type":"SearchAction","target":{"@type":"EntryPoint","urlTemplate":"https:\/\/clinicadecancerologians.com\/?s={search_term_string}"},"query-input":{"@type":"PropertyValueSpecification","valueRequired":true,"valueName":"search_term_string"}}],"inLanguage":"es"},{"@type":"Organization","@id":"https:\/\/clinicadecancerologians.com\/#organization","name":"Clinica de Cancerologia del Norte de Santander","url":"https:\/\/clinicadecancerologians.com\/","logo":{"@type":"ImageObject","inLanguage":"es","@id":"https:\/\/clinicadecancerologians.com\/#\/schema\/logo\/image\/","url":"https:\/\/clinicadecancerologians.com\/wp-content\/uploads\/2019\/04\/CANCEROLOGIA2.png","contentUrl":"https:\/\/clinicadecancerologians.com\/wp-content\/uploads\/2019\/04\/CANCEROLOGIA2.png","width":394,"height":215,"caption":"Clinica de Cancerologia del Norte de Santander"},"image":{"@id":"https:\/\/clinicadecancerologians.com\/#\/schema\/logo\/image\/"},"sameAs":["https:\/\/www.facebook.com\/profile.php?id=100068487632832"]}]}},"_links":{"self":[{"href":"https:\/\/clinicadecancerologians.com\/index.php\/wp-json\/wp\/v2\/pages\/848","targetHints":{"allow":["GET"]}}],"collection":[{"href":"https:\/\/clinicadecancerologians.com\/index.php\/wp-json\/wp\/v2\/pages"}],"about":[{"href":"https:\/\/clinicadecancerologians.com\/index.php\/wp-json\/wp\/v2\/types\/page"}],"author":[{"embeddable":true,"href":"https:\/\/clinicadecancerologians.com\/index.php\/wp-json\/wp\/v2\/users\/1"}],"replies":[{"embeddable":true,"href":"https:\/\/clinicadecancerologians.com\/index.php\/wp-json\/wp\/v2\/comments?post=848"}],"version-history":[{"count":20,"href":"https:\/\/clinicadecancerologians.com\/index.php\/wp-json\/wp\/v2\/pages\/848\/revisions"}],"predecessor-version":[{"id":895,"href":"https:\/\/clinicadecancerologians.com\/index.php\/wp-json\/wp\/v2\/pages\/848\/revisions\/895"}],"up":[{"embeddable":true,"href":"https:\/\/clinicadecancerologians.com\/index.php\/wp-json\/wp\/v2\/pages\/35"}],"wp:attachment":[{"href":"https:\/\/clinicadecancerologians.com\/index.php\/wp-json\/wp\/v2\/media?parent=848"}],"curies":[{"name":"wp","href":"https:\/\/api.w.org\/{rel}","templated":true}]}}